{"id":2515,"date":"2025-01-02T09:58:38","date_gmt":"2025-01-02T07:58:38","guid":{"rendered":"https:\/\/www.olohuone.fi\/?post_type=product&#038;p=2515"},"modified":"2026-03-10T09:13:10","modified_gmt":"2026-03-10T07:13:10","slug":"tarjoilulankku","status":"publish","type":"product","link":"https:\/\/www.olohuone.fi\/?product=tarjoilulankku","title":{"rendered":"Tarjoilulankku"},"content":{"rendered":"<p><strong>Massiivipuisesta tammesta valmistettu tarjoilualusta<\/strong><\/p>\n","protected":false},"excerpt":{"rendered":"<p><strong>Massiivipuisesta tammesta valmistettu tarjoilualusta<\/strong><\/p>\n<p>Suomessa valmistettu tarjoilualusta. Massiivitammesta tehty alusta tuo esiin puun kauniin kuvioinnin ja tuo kattaukseen rustiikkisen, mutta tyylikk\u00e4\u00e4n ilmeen. Tarjoilualustan orgaaninen muoto vaihtelee k\u00e4ytett\u00e4v\u00e4n aihion mukaisesti, eli jokainen tarjoilulankku on yksil\u00f6llinen. Lokerojen reunat seuraavat lankun yksil\u00f6llisi\u00e4 ulkoreunan muotoja. T\u00e4m\u00e4 tarjoilulauta sopii charcuterie-lautaseksi esim. juustojen, leikkeleiden ja muiden herkkujen tarjoiluun.<\/p>\n<p>Perusmallin mitat ovat noin 100 x 26 cm. Hinta on ilmoitettu per pituusmetri. Voit tilata my\u00f6s eri mitoilla. <a href=\"https:\/\/www.olohuone.fi\/?page_id=147\">Ota yhteytt\u00e4 ja kysy lis\u00e4\u00e4<\/a>.<\/p>\n<p><strong>Ominaisuudet:<\/strong><\/p>\n<ul>\n<li>Materiaalina massiivitammi<\/li>\n<li>Luonnollinen reuna rustiikkisella tyylill\u00e4<\/li>\n<li>Valmistettu Suomessa<\/li>\n<\/ul>\n<p>T\u00e4m\u00e4 uniikki tarjoilualusta tuo eleganttia ilmett\u00e4 kattaukseesi ja korostaa suomalaisen k\u00e4sity\u00f6n arvoja. Sopii sek\u00e4 arkeen ett\u00e4 juhlaan!<\/p>\n","protected":false},"featured_media":2517,"comment_status":"open","ping_status":"closed","template":"","meta":[],"product_brand":[],"product_cat":[97],"product_tag":[130,111,110,135,123,131,132,134,133],"class_list":{"0":"post-2515","1":"product","2":"type-product","3":"status-publish","4":"has-post-thumbnail","6":"product_cat-tarjoilu","7":"product_tag-charcuterie","8":"product_tag-massiivitammi","9":"product_tag-puinen","10":"product_tag-puutarjotin","11":"product_tag-tammi","12":"product_tag-tarjoilu","13":"product_tag-tarjoilualusta","14":"product_tag-tarjoilulankku","15":"product_tag-tarjotin","16":"product_shipping_class-perustoimituskulu-10","18":"first","19":"instock","20":"taxable","21":"shipping-taxable","22":"purchasable","23":"product-type-simple"},"jetpack_sharing_enabled":true,"_links":{"self":[{"href":"https:\/\/www.olohuone.fi\/index.php?rest_route=\/wp\/v2\/product\/2515","targetHints":{"allow":["GET"]}}],"collection":[{"href":"https:\/\/www.olohuone.fi\/index.php?rest_route=\/wp\/v2\/product"}],"about":[{"href":"https:\/\/www.olohuone.fi\/index.php?rest_route=\/wp\/v2\/types\/product"}],"replies":[{"embeddable":true,"href":"https:\/\/www.olohuone.fi\/index.php?rest_route=%2Fwp%2Fv2%2Fcomments&post=2515"}],"wp:featuredmedia":[{"embeddable":true,"href":"https:\/\/www.olohuone.fi\/index.php?rest_route=\/wp\/v2\/media\/2517"}],"wp:attachment":[{"href":"https:\/\/www.olohuone.fi\/index.php?rest_route=%2Fwp%2Fv2%2Fmedia&parent=2515"}],"wp:term":[{"taxonomy":"product_brand","embeddable":true,"href":"https:\/\/www.olohuone.fi\/index.php?rest_route=%2Fwp%2Fv2%2Fproduct_brand&post=2515"},{"taxonomy":"product_cat","embeddable":true,"href":"https:\/\/www.olohuone.fi\/index.php?rest_route=%2Fwp%2Fv2%2Fproduct_cat&post=2515"},{"taxonomy":"product_tag","embeddable":true,"href":"https:\/\/www.olohuone.fi\/index.php?rest_route=%2Fwp%2Fv2%2Fproduct_tag&post=2515"}],"curies":[{"name":"wp","href":"https:\/\/api.w.org\/{rel}","templated":true}]}}