{"id":2503,"date":"2024-12-30T16:13:46","date_gmt":"2024-12-30T14:13:46","guid":{"rendered":"https:\/\/www.olohuone.fi\/?post_type=product&#038;p=2503"},"modified":"2025-01-01T09:29:34","modified_gmt":"2025-01-01T07:29:34","slug":"oak-box","status":"publish","type":"product","link":"https:\/\/www.olohuone.fi\/?product=oak-box","title":{"rendered":"Oak Box"},"content":{"rendered":"","protected":false},"excerpt":{"rendered":"<p><strong>Massiivitammesta valmistettu s\u00e4ilytysrasia<\/strong><br \/>\nT\u00e4m\u00e4 kaunis ja k\u00e4yt\u00e4nn\u00f6llinen rasia on valmistettu Suomessa korkealaatuisesta massiivitammesta, joka tuo esiin luonnollisen puun ainutlaatuisen kuvioinnin. Kahdeksankulmainen muotoilu ja piiloon j\u00e4\u00e4v\u00e4t tynnyrisaranat tekev\u00e4t rasiasta tyylikk\u00e4\u00e4n ja monik\u00e4ytt\u00f6isen. Muotokieli on yhteensopiva useiden eri Oaksmoke-tuotteiden kanssa.<\/p>\n<p>Rasia soveltuu esimerkiksi pienien esineiden, kuten korujen tai pelinappuloiden s\u00e4ilytt\u00e4miseen.<\/p>\n<p><strong>Ominaisuudet:<\/strong><\/p>\n<ul>\n<li>Materiaalina massiivitammi<\/li>\n<li>Kahdeksankulmainen muotoilu<\/li>\n<li>Kest\u00e4v\u00e4 ja laadukas rakenne<\/li>\n<li>Piiloon j\u00e4\u00e4v\u00e4t tynnyrisaranat<\/li>\n<li>Design ja valmistus Suomessa<\/li>\n<\/ul>\n<p>Rasiaan mahtuu esim. yhteensopiva <a href=\"https:\/\/www.olohuone.fi\/?product=solitaire-lautapeli\">Solitaire lautapeli<\/a> tuotenro 221100 sek\u00e4 <a href=\"https:\/\/www.olohuone.fi\/?product=whiskysmoker\">WhiskySmoker<\/a> tuotenumero 221044.<\/p>\n<p>Kanteen voidaan kaivertaa my\u00f6s esimerkiksi nimi. Kustomointia varten ota yhteytt\u00e4 <a href=\"http:\/\/www.cadvision.fi\">www.cadvision.fi<\/a><\/p>\n","protected":false},"featured_media":2511,"comment_status":"open","ping_status":"closed","template":"","meta":[],"product_brand":[],"product_cat":[31],"product_tag":[118,122,119,120,116,115,111,114,117,127,112,121,123,113],"class_list":{"0":"post-2503","1":"product","2":"type-product","3":"status-publish","4":"has-post-thumbnail","6":"product_cat-yleinen","7":"product_tag-ajaton-muotoilu","8":"product_tag-ekologinen-tuote","9":"product_tag-elegantti-puurasia","10":"product_tag-kestava-rakenne","11":"product_tag-korurasia","12":"product_tag-laadukas-sailytysratkaisu","13":"product_tag-massiivitammi","14":"product_tag-oaksmoke-design","15":"product_tag-pelinappularasia","16":"product_tag-rasia","17":"product_tag-sailytysrasia","18":"product_tag-suomalainen-muotoilu","19":"product_tag-tammi","20":"product_tag-tamminen-rasia","21":"product_shipping_class-perustoimituskulu-10","23":"first","24":"instock","25":"taxable","26":"shipping-taxable","27":"purchasable","28":"product-type-simple"},"jetpack_sharing_enabled":true,"_links":{"self":[{"href":"https:\/\/www.olohuone.fi\/index.php?rest_route=\/wp\/v2\/product\/2503","targetHints":{"allow":["GET"]}}],"collection":[{"href":"https:\/\/www.olohuone.fi\/index.php?rest_route=\/wp\/v2\/product"}],"about":[{"href":"https:\/\/www.olohuone.fi\/index.php?rest_route=\/wp\/v2\/types\/product"}],"replies":[{"embeddable":true,"href":"https:\/\/www.olohuone.fi\/index.php?rest_route=%2Fwp%2Fv2%2Fcomments&post=2503"}],"wp:featuredmedia":[{"embeddable":true,"href":"https:\/\/www.olohuone.fi\/index.php?rest_route=\/wp\/v2\/media\/2511"}],"wp:attachment":[{"href":"https:\/\/www.olohuone.fi\/index.php?rest_route=%2Fwp%2Fv2%2Fmedia&parent=2503"}],"wp:term":[{"taxonomy":"product_brand","embeddable":true,"href":"https:\/\/www.olohuone.fi\/index.php?rest_route=%2Fwp%2Fv2%2Fproduct_brand&post=2503"},{"taxonomy":"product_cat","embeddable":true,"href":"https:\/\/www.olohuone.fi\/index.php?rest_route=%2Fwp%2Fv2%2Fproduct_cat&post=2503"},{"taxonomy":"product_tag","embeddable":true,"href":"https:\/\/www.olohuone.fi\/index.php?rest_route=%2Fwp%2Fv2%2Fproduct_tag&post=2503"}],"curies":[{"name":"wp","href":"https:\/\/api.w.org\/{rel}","templated":true}]}}