{"id":2496,"date":"2024-12-30T15:42:28","date_gmt":"2024-12-30T13:42:28","guid":{"rendered":"https:\/\/www.olohuone.fi\/?post_type=product&#038;p=2496"},"modified":"2026-03-10T09:12:03","modified_gmt":"2026-03-10T07:12:03","slug":"solitaire-lautapeli","status":"publish","type":"product","link":"https:\/\/www.olohuone.fi\/?product=solitaire-lautapeli","title":{"rendered":"Solitaire lautapeli"},"content":{"rendered":"","protected":false},"excerpt":{"rendered":"<p><strong>Solitaire &#8211; Klassinen strategiapeli<\/strong><\/p>\n<p>Solitaire on perinteinen yksinpelattava lautapeli, joka haastaa strategisen ajattelusi. Tavoitteena on poistaa laudalta kaikki nappulat paitsi yksi, siirt\u00e4m\u00e4ll\u00e4 ja hypp\u00e4\u00e4m\u00e4ll\u00e4 nappuloiden yli tietyill\u00e4 s\u00e4\u00e4nn\u00f6ill\u00e4. T\u00e4m\u00e4 tammipuusta Suomessa valmistettu peli tarjoaa hauskaa ajanvietett\u00e4 ja kehitt\u00e4\u00e4 ongelmanratkaisutaitoja. Tyylik\u00e4s ja kest\u00e4v\u00e4 muotoilu tekee siit\u00e4 my\u00f6s upean lahjan tai sisustuselementin. T\u00e4ydellinen sek\u00e4 aloittelijoille ett\u00e4 kokeneille pelaajille!<\/p>\n<p>Pelinappuloina on \u22055\/16 mm ter\u00e4ksiset pelinapit. Pelinappeja on 32 kpl + yksi varanappi.<\/p>\n<p><strong>YHTEEN SOPIVAT TUOTTEET:<\/strong><\/p>\n<p><img loading=\"lazy\" decoding=\"async\" class=\"alignleft size-medium wp-image-2497\" src=\"https:\/\/www.olohuone.fi\/wp-content\/uploads\/2024\/12\/Solitaire-lautapeli-yksinainen-16-300x300.jpg\" alt=\"Solitaire\" width=\"300\" height=\"300\" srcset=\"https:\/\/www.olohuone.fi\/wp-content\/uploads\/2024\/12\/Solitaire-lautapeli-yksinainen-16-300x300.jpg 300w, https:\/\/www.olohuone.fi\/wp-content\/uploads\/2024\/12\/Solitaire-lautapeli-yksinainen-16-150x150.jpg 150w, https:\/\/www.olohuone.fi\/wp-content\/uploads\/2024\/12\/Solitaire-lautapeli-yksinainen-16-768x768.jpg 768w, https:\/\/www.olohuone.fi\/wp-content\/uploads\/2024\/12\/Solitaire-lautapeli-yksinainen-16-324x324.jpg 324w, https:\/\/www.olohuone.fi\/wp-content\/uploads\/2024\/12\/Solitaire-lautapeli-yksinainen-16-416x416.jpg 416w, https:\/\/www.olohuone.fi\/wp-content\/uploads\/2024\/12\/Solitaire-lautapeli-yksinainen-16-100x100.jpg 100w, https:\/\/www.olohuone.fi\/wp-content\/uploads\/2024\/12\/Solitaire-lautapeli-yksinainen-16.jpg 800w\" sizes=\"auto, (max-width: 300px) 100vw, 300px\" \/>Kuvassa n\u00e4kyy Solitairen kanssa yhteen sopiva tuote <a href=\"https:\/\/www.olohuone.fi\/?product=oak-box\">Oak Box<\/a>, jossa voit s\u00e4ilytt\u00e4\u00e4 peli\u00e4.<\/p>\n","protected":false},"featured_media":2499,"comment_status":"open","ping_status":"closed","template":"","meta":[],"product_brand":[],"product_cat":[105],"product_tag":[109,107,128,110,58,106,108],"class_list":{"0":"post-2496","1":"product","2":"type-product","3":"status-publish","4":"has-post-thumbnail","6":"product_cat-pelit","7":"product_tag-lautapeli","8":"product_tag-peg-solitaire","9":"product_tag-peli","10":"product_tag-puinen","11":"product_tag-puu","12":"product_tag-solitaire","13":"product_tag-yksinainen","14":"product_shipping_class-perustoimituskulu-10","16":"first","17":"instock","18":"taxable","19":"shipping-taxable","20":"purchasable","21":"product-type-simple"},"jetpack_sharing_enabled":true,"_links":{"self":[{"href":"https:\/\/www.olohuone.fi\/index.php?rest_route=\/wp\/v2\/product\/2496","targetHints":{"allow":["GET"]}}],"collection":[{"href":"https:\/\/www.olohuone.fi\/index.php?rest_route=\/wp\/v2\/product"}],"about":[{"href":"https:\/\/www.olohuone.fi\/index.php?rest_route=\/wp\/v2\/types\/product"}],"replies":[{"embeddable":true,"href":"https:\/\/www.olohuone.fi\/index.php?rest_route=%2Fwp%2Fv2%2Fcomments&post=2496"}],"wp:featuredmedia":[{"embeddable":true,"href":"https:\/\/www.olohuone.fi\/index.php?rest_route=\/wp\/v2\/media\/2499"}],"wp:attachment":[{"href":"https:\/\/www.olohuone.fi\/index.php?rest_route=%2Fwp%2Fv2%2Fmedia&parent=2496"}],"wp:term":[{"taxonomy":"product_brand","embeddable":true,"href":"https:\/\/www.olohuone.fi\/index.php?rest_route=%2Fwp%2Fv2%2Fproduct_brand&post=2496"},{"taxonomy":"product_cat","embeddable":true,"href":"https:\/\/www.olohuone.fi\/index.php?rest_route=%2Fwp%2Fv2%2Fproduct_cat&post=2496"},{"taxonomy":"product_tag","embeddable":true,"href":"https:\/\/www.olohuone.fi\/index.php?rest_route=%2Fwp%2Fv2%2Fproduct_tag&post=2496"}],"curies":[{"name":"wp","href":"https:\/\/api.w.org\/{rel}","templated":true}]}}