{"id":2490,"date":"2024-12-30T13:06:19","date_gmt":"2024-12-30T11:06:19","guid":{"rendered":"https:\/\/www.olohuone.fi\/?post_type=product&#038;p=2490"},"modified":"2025-01-01T09:31:28","modified_gmt":"2025-01-01T07:31:28","slug":"whiskysmoker","status":"publish","type":"product","link":"https:\/\/www.olohuone.fi\/?product=whiskysmoker","title":{"rendered":"WhiskySmoker"},"content":{"rendered":"","protected":false},"excerpt":{"rendered":"<p><strong>Whisky Smoker \/ Cocktail Smoker<\/strong><\/p>\n<p>T\u00e4m\u00e4 kahdeksankulmainen, massiivitammesta valmistettu viskisavustin on suunniteltu tuomaan luksusta juomakokemukseen. Tyylik\u00e4s ja tarkkaan viimeistelty muotoilu tekee tuotteesta yhteensopivan muiden Oaksmoke-designin tuotteiden kanssa. K\u00e4yt\u00e4nn\u00f6llinen rakenne mahdollistaa savun lis\u00e4\u00e4misen viskeihin, cocktaileihin ja muihin juomiin helposti ja n\u00e4ytt\u00e4v\u00e4sti.<\/p>\n<p><strong>Ominaisuudet:<\/strong><\/p>\n<ul>\n<li>Materiaali: Massiivitammi<\/li>\n<li>Kahdeksankulmainen muotoilu<\/li>\n<li>Yhteensopiva Oaksmoke-tuotteiden kanssa, mm. Oak Box<\/li>\n<li>Suunniteltu ja valmistettu Suomessa<\/li>\n<\/ul>\n<p>Lis\u00e4\u00e4 juomiisi elegantti savuaromi ja tarjoile niit\u00e4 tyylill\u00e4 t\u00e4ll\u00e4 korkealaatuisella cocktail-savustimella!<\/p>\n<p>Tarvitset lis\u00e4ksi puulastuja sek\u00e4 puhalluslampun \/ kaasupolttimen, jolla poltetaan puulastua (esim. tammilastua) tulipes\u00e4ss\u00e4, jolloin savu menee lasiin pohjan verkon l\u00e4pi.<\/p>\n<p>T\u00e4m\u00e4n kanssa yhteen sopiva tuote <a href=\"https:\/\/www.olohuone.fi\/?product=oak-box\">Oak Box<\/a> tuotenumero 221044, jossa voit s\u00e4ilytt\u00e4\u00e4 joko savustinta, tammilastuja tai molempia.<\/p>\n<p>Kysy lis\u00e4\u00e4 mm. kaiverruskustomoinninsta <a href=\"http:\/\/www.cadvision.fi\">www.cadvision.fi<\/a><\/p>\n","protected":false},"featured_media":2512,"comment_status":"open","ping_status":"closed","template":"","meta":[],"product_brand":[],"product_cat":[97],"product_tag":[102,103,129,126,38,124,100,104,125,101,99,98],"class_list":{"0":"post-2490","1":"product","2":"type-product","3":"status-publish","4":"has-post-thumbnail","6":"product_cat-tarjoilu","7":"product_tag-cocktail","8":"product_tag-juoma","9":"product_tag-juomasavustin","10":"product_tag-oak-box","11":"product_tag-oaksmoke","12":"product_tag-savu","13":"product_tag-savustin","14":"product_tag-savustus","15":"product_tag-smoke","16":"product_tag-smoker","17":"product_tag-viski","18":"product_tag-whisky","19":"product_shipping_class-perustoimituskulu-10","21":"first","22":"instock","23":"taxable","24":"shipping-taxable","25":"purchasable","26":"product-type-simple"},"jetpack_sharing_enabled":true,"_links":{"self":[{"href":"https:\/\/www.olohuone.fi\/index.php?rest_route=\/wp\/v2\/product\/2490","targetHints":{"allow":["GET"]}}],"collection":[{"href":"https:\/\/www.olohuone.fi\/index.php?rest_route=\/wp\/v2\/product"}],"about":[{"href":"https:\/\/www.olohuone.fi\/index.php?rest_route=\/wp\/v2\/types\/product"}],"replies":[{"embeddable":true,"href":"https:\/\/www.olohuone.fi\/index.php?rest_route=%2Fwp%2Fv2%2Fcomments&post=2490"}],"wp:featuredmedia":[{"embeddable":true,"href":"https:\/\/www.olohuone.fi\/index.php?rest_route=\/wp\/v2\/media\/2512"}],"wp:attachment":[{"href":"https:\/\/www.olohuone.fi\/index.php?rest_route=%2Fwp%2Fv2%2Fmedia&parent=2490"}],"wp:term":[{"taxonomy":"product_brand","embeddable":true,"href":"https:\/\/www.olohuone.fi\/index.php?rest_route=%2Fwp%2Fv2%2Fproduct_brand&post=2490"},{"taxonomy":"product_cat","embeddable":true,"href":"https:\/\/www.olohuone.fi\/index.php?rest_route=%2Fwp%2Fv2%2Fproduct_cat&post=2490"},{"taxonomy":"product_tag","embeddable":true,"href":"https:\/\/www.olohuone.fi\/index.php?rest_route=%2Fwp%2Fv2%2Fproduct_tag&post=2490"}],"curies":[{"name":"wp","href":"https:\/\/api.w.org\/{rel}","templated":true}]}}