{"id":2461,"date":"2024-06-20T11:39:53","date_gmt":"2024-06-20T08:39:53","guid":{"rendered":"https:\/\/www.olohuone.fi\/?post_type=product&#038;p=2461"},"modified":"2024-06-20T13:26:54","modified_gmt":"2024-06-20T10:26:54","slug":"cadvision-seinalokerikkojarjestelma-tyokuvat","status":"publish","type":"product","link":"https:\/\/www.olohuone.fi\/?product=cadvision-seinalokerikkojarjestelma-tyokuvat","title":{"rendered":"Cadvision sein\u00e4lokerikkoj\u00e4rjestelm\u00e4 &#8211; Ty\u00f6kuvat PDF- ja DXF-tiedostot"},"content":{"rendered":"<p>DXF-tiedostot ovat CNC-jyrsint\u00e4\u00e4 varten ja kuvissa on nurkkien yliajot valmiina (suunniteltu 4 mm ter\u00e4ll\u00e4 ajettavaksi).<br \/>\nOsissa on kohdistusliitokset valmiina ja ne kasataan liimaamalla.<\/p>\n<p>Sein\u00e4kiinnikkeet ruuvataan tukevaan sein\u00e4levyyn, joka on kiinnitetty sein\u00e4n runkotolppiin \/ juoksuihin. Tiedostopaketista l\u00f6ytyy ohjeet sein\u00e4kiinnikkeiden asentamiseen.<\/p>\n<p>Lis\u00e4tietoja saa <a href=\"http:\/\/www.cadvision.fi\" target=\"_blank\" rel=\"noopener\">Cadvisionilta<\/a><\/p>\n<p>&nbsp;<\/p>\n<p style=\"text-align: left;\"><a href=\"https:\/\/www.olohuone.fi\/?attachment_id=2471\" rel=\"attachment wp-att-2471\"><img loading=\"lazy\" decoding=\"async\" class=\"alignleft size-medium wp-image-2471\" src=\"https:\/\/www.olohuone.fi\/wp-content\/uploads\/2024\/06\/Cadvision-seinateline-3D-CAD-PDF-FILES1-300x300.jpg\" alt=\"\" width=\"300\" height=\"300\" srcset=\"https:\/\/www.olohuone.fi\/wp-content\/uploads\/2024\/06\/Cadvision-seinateline-3D-CAD-PDF-FILES1-300x300.jpg 300w, https:\/\/www.olohuone.fi\/wp-content\/uploads\/2024\/06\/Cadvision-seinateline-3D-CAD-PDF-FILES1-150x150.jpg 150w, https:\/\/www.olohuone.fi\/wp-content\/uploads\/2024\/06\/Cadvision-seinateline-3D-CAD-PDF-FILES1-768x768.jpg 768w, https:\/\/www.olohuone.fi\/wp-content\/uploads\/2024\/06\/Cadvision-seinateline-3D-CAD-PDF-FILES1-324x324.jpg 324w, https:\/\/www.olohuone.fi\/wp-content\/uploads\/2024\/06\/Cadvision-seinateline-3D-CAD-PDF-FILES1-416x416.jpg 416w, https:\/\/www.olohuone.fi\/wp-content\/uploads\/2024\/06\/Cadvision-seinateline-3D-CAD-PDF-FILES1-100x100.jpg 100w, https:\/\/www.olohuone.fi\/wp-content\/uploads\/2024\/06\/Cadvision-seinateline-3D-CAD-PDF-FILES1.jpg 800w\" sizes=\"auto, (max-width: 300px) 100vw, 300px\" \/><\/a><a href=\"https:\/\/www.olohuone.fi\/?attachment_id=2468\" rel=\"attachment wp-att-2468\"><img loading=\"lazy\" decoding=\"async\" class=\"size-medium wp-image-2468 alignleft\" src=\"https:\/\/www.olohuone.fi\/wp-content\/uploads\/2024\/06\/Cadvision-seinateline-3D-CAD-asennusohjeet1-300x300.jpg\" alt=\"\" width=\"300\" height=\"300\" srcset=\"https:\/\/www.olohuone.fi\/wp-content\/uploads\/2024\/06\/Cadvision-seinateline-3D-CAD-asennusohjeet1-300x300.jpg 300w, https:\/\/www.olohuone.fi\/wp-content\/uploads\/2024\/06\/Cadvision-seinateline-3D-CAD-asennusohjeet1-150x150.jpg 150w, https:\/\/www.olohuone.fi\/wp-content\/uploads\/2024\/06\/Cadvision-seinateline-3D-CAD-asennusohjeet1-768x768.jpg 768w, https:\/\/www.olohuone.fi\/wp-content\/uploads\/2024\/06\/Cadvision-seinateline-3D-CAD-asennusohjeet1-324x324.jpg 324w, https:\/\/www.olohuone.fi\/wp-content\/uploads\/2024\/06\/Cadvision-seinateline-3D-CAD-asennusohjeet1-416x416.jpg 416w, https:\/\/www.olohuone.fi\/wp-content\/uploads\/2024\/06\/Cadvision-seinateline-3D-CAD-asennusohjeet1-100x100.jpg 100w, https:\/\/www.olohuone.fi\/wp-content\/uploads\/2024\/06\/Cadvision-seinateline-3D-CAD-asennusohjeet1.jpg 800w\" sizes=\"auto, (max-width: 300px) 100vw, 300px\" \/><\/a> <a href=\"https:\/\/www.olohuone.fi\/?attachment_id=2466\" rel=\"attachment wp-att-2466\"><img loading=\"lazy\" decoding=\"async\" class=\"alignleft size-medium wp-image-2466\" src=\"https:\/\/www.olohuone.fi\/wp-content\/uploads\/2024\/06\/1IMG_20231026_192405-Custom-300x300.jpg\" alt=\"\" width=\"300\" height=\"300\" srcset=\"https:\/\/www.olohuone.fi\/wp-content\/uploads\/2024\/06\/1IMG_20231026_192405-Custom-300x300.jpg 300w, https:\/\/www.olohuone.fi\/wp-content\/uploads\/2024\/06\/1IMG_20231026_192405-Custom-150x150.jpg 150w, https:\/\/www.olohuone.fi\/wp-content\/uploads\/2024\/06\/1IMG_20231026_192405-Custom-768x768.jpg 768w, https:\/\/www.olohuone.fi\/wp-content\/uploads\/2024\/06\/1IMG_20231026_192405-Custom-324x324.jpg 324w, https:\/\/www.olohuone.fi\/wp-content\/uploads\/2024\/06\/1IMG_20231026_192405-Custom-416x416.jpg 416w, https:\/\/www.olohuone.fi\/wp-content\/uploads\/2024\/06\/1IMG_20231026_192405-Custom-100x100.jpg 100w, https:\/\/www.olohuone.fi\/wp-content\/uploads\/2024\/06\/1IMG_20231026_192405-Custom.jpg 800w\" sizes=\"auto, (max-width: 300px) 100vw, 300px\" \/><\/a> <a href=\"https:\/\/www.olohuone.fi\/?attachment_id=2465\" rel=\"attachment wp-att-2465\"><img loading=\"lazy\" decoding=\"async\" class=\"alignleft size-medium wp-image-2465\" src=\"https:\/\/www.olohuone.fi\/wp-content\/uploads\/2024\/06\/1IMG_20231024_122509-Custom-300x300.jpg\" alt=\"\" width=\"300\" height=\"300\" srcset=\"https:\/\/www.olohuone.fi\/wp-content\/uploads\/2024\/06\/1IMG_20231024_122509-Custom-300x300.jpg 300w, https:\/\/www.olohuone.fi\/wp-content\/uploads\/2024\/06\/1IMG_20231024_122509-Custom-150x150.jpg 150w, https:\/\/www.olohuone.fi\/wp-content\/uploads\/2024\/06\/1IMG_20231024_122509-Custom-768x768.jpg 768w, https:\/\/www.olohuone.fi\/wp-content\/uploads\/2024\/06\/1IMG_20231024_122509-Custom-324x324.jpg 324w, https:\/\/www.olohuone.fi\/wp-content\/uploads\/2024\/06\/1IMG_20231024_122509-Custom-416x416.jpg 416w, https:\/\/www.olohuone.fi\/wp-content\/uploads\/2024\/06\/1IMG_20231024_122509-Custom-100x100.jpg 100w, https:\/\/www.olohuone.fi\/wp-content\/uploads\/2024\/06\/1IMG_20231024_122509-Custom.jpg 800w\" sizes=\"auto, (max-width: 300px) 100vw, 300px\" \/><\/a> <a href=\"https:\/\/www.olohuone.fi\/?attachment_id=2464\" rel=\"attachment wp-att-2464\"><img loading=\"lazy\" decoding=\"async\" class=\"alignleft size-medium wp-image-2464\" src=\"https:\/\/www.olohuone.fi\/wp-content\/uploads\/2024\/06\/1IMG_20231014_181229-Custom-300x300.jpg\" alt=\"\" width=\"300\" height=\"300\" srcset=\"https:\/\/www.olohuone.fi\/wp-content\/uploads\/2024\/06\/1IMG_20231014_181229-Custom-300x300.jpg 300w, https:\/\/www.olohuone.fi\/wp-content\/uploads\/2024\/06\/1IMG_20231014_181229-Custom-150x150.jpg 150w, https:\/\/www.olohuone.fi\/wp-content\/uploads\/2024\/06\/1IMG_20231014_181229-Custom-768x768.jpg 768w, https:\/\/www.olohuone.fi\/wp-content\/uploads\/2024\/06\/1IMG_20231014_181229-Custom-324x324.jpg 324w, https:\/\/www.olohuone.fi\/wp-content\/uploads\/2024\/06\/1IMG_20231014_181229-Custom-416x416.jpg 416w, https:\/\/www.olohuone.fi\/wp-content\/uploads\/2024\/06\/1IMG_20231014_181229-Custom-100x100.jpg 100w, https:\/\/www.olohuone.fi\/wp-content\/uploads\/2024\/06\/1IMG_20231014_181229-Custom.jpg 800w\" sizes=\"auto, (max-width: 300px) 100vw, 300px\" \/><\/a><\/p>\n","protected":false},"excerpt":{"rendered":"<p>Cadvision Sein\u00e4lokerikkoj\u00e4rjestelm\u00e4n tuotekuvat ja dxf-tiedostot. Niiden avulla voit valmistaa itse* cnc-jyrsill\u00e4 lokerikot ja sein\u00e4\u00e4n asennettavat kannakkeet. Kuvapaketissa on pdf-mittakuvat sek\u00e4 dxf-tiedostot kaikista osista.<\/p>\n<p>Lokerikkoja on kahta eri korkeutta ja kumpaakin korkeutta on kolmella eri syvyydell\u00e4, eli yhteens\u00e4 kuusi eri kokoista lokeroa.<br \/>\nLokerot voidaan nostaa helposti irti telineest\u00e4 ja ottaa mukaan ty\u00f6pisteelle.<\/p>\n<p>Lis\u00e4ksi akkuporalle ja laturille on oma telineens\u00e4.<\/p>\n<p>Lokerikot ovat 9 mm vanerista ja sein\u00e4kannakkeet 12 mm vanerista.<\/p>\n<p>*voit kysy\u00e4 my\u00f6s valmiita osia tai ajomalleja <a href=\"http:\/\/www.cadvision.fi\" target=\"_blank\" rel=\"noopener\">Cadvisionilta<\/a>.<\/p>\n","protected":false},"featured_media":2462,"comment_status":"open","ping_status":"closed","template":"","meta":[],"product_brand":[],"product_cat":[77],"product_tag":[79,78,81,82,80],"class_list":{"0":"post-2461","1":"product","2":"type-product","3":"status-publish","4":"has-post-thumbnail","6":"product_cat-tyopiirustukset-ja-tiedostot","7":"product_tag-lokerikko","8":"product_tag-lokero","9":"product_tag-ruuvihylly","10":"product_tag-ruuvihyllykko","11":"product_tag-sailytysjarjestelma","12":"product_shipping_class-file-free-delivery","14":"first","15":"instock","16":"downloadable","17":"taxable","18":"shipping-taxable","19":"purchasable","20":"product-type-simple"},"jetpack_sharing_enabled":true,"_links":{"self":[{"href":"https:\/\/www.olohuone.fi\/index.php?rest_route=\/wp\/v2\/product\/2461","targetHints":{"allow":["GET"]}}],"collection":[{"href":"https:\/\/www.olohuone.fi\/index.php?rest_route=\/wp\/v2\/product"}],"about":[{"href":"https:\/\/www.olohuone.fi\/index.php?rest_route=\/wp\/v2\/types\/product"}],"replies":[{"embeddable":true,"href":"https:\/\/www.olohuone.fi\/index.php?rest_route=%2Fwp%2Fv2%2Fcomments&post=2461"}],"wp:featuredmedia":[{"embeddable":true,"href":"https:\/\/www.olohuone.fi\/index.php?rest_route=\/wp\/v2\/media\/2462"}],"wp:attachment":[{"href":"https:\/\/www.olohuone.fi\/index.php?rest_route=%2Fwp%2Fv2%2Fmedia&parent=2461"}],"wp:term":[{"taxonomy":"product_brand","embeddable":true,"href":"https:\/\/www.olohuone.fi\/index.php?rest_route=%2Fwp%2Fv2%2Fproduct_brand&post=2461"},{"taxonomy":"product_cat","embeddable":true,"href":"https:\/\/www.olohuone.fi\/index.php?rest_route=%2Fwp%2Fv2%2Fproduct_cat&post=2461"},{"taxonomy":"product_tag","embeddable":true,"href":"https:\/\/www.olohuone.fi\/index.php?rest_route=%2Fwp%2Fv2%2Fproduct_tag&post=2461"}],"curies":[{"name":"wp","href":"https:\/\/api.w.org\/{rel}","templated":true}]}}