{"id":2436,"date":"2024-02-14T20:02:25","date_gmt":"2024-02-14T18:02:25","guid":{"rendered":"https:\/\/www.olohuone.fi\/?post_type=product&#038;p=2436"},"modified":"2024-06-20T13:25:57","modified_gmt":"2024-06-20T10:25:57","slug":"karsa-magneettikiinnike","status":"publish","type":"product","link":"https:\/\/www.olohuone.fi\/?product=karsa-magneettikiinnike","title":{"rendered":"K\u00e4rs\u00e4-magneettikiinnike"},"content":{"rendered":"<p>K\u00e4rs\u00e4-kiinnikkeet ovat magneettisia kiinnittimi\u00e4 esim. puruimurin letkuille. Sen avulla vaihdat puruimurin letkun nopeasti laitteelta toiselle. Vaihda letkua esim. h\u00f6yl\u00e4n, sirkkelin, hiomakoneen, jyrsin ja jiirisahan v\u00e4lill\u00e4 nopeasti.<\/p>\n<p>K\u00e4rs\u00e4-magneettikiinnikeet kohdistuvat ja napsahtavat kiinni voimakkaiden neodyymimagneettien avulla. Vaihda imuletku hetkess\u00e4 laitteelta toiselle. Suunniteltu toimimaan yhdess\u00e4\u00a0<a href=\"https:\/\/www.cadvision.fi\/tuotteet\/norsu-monitoimipuomistot\/\">Norsu-monitoimipuomiston<\/a>\u00a0kanssa.<\/p>\n<p>Letkukoot 40-120 mm. Valitse my\u00f6s v\u00e4ri: punainen North-kiinnike imurin letkuun ja siniset South-kiinnikkeet eri ty\u00f6laitteille.<\/p>\n<p><a href=\"https:\/\/www.olohuone.fi\/?attachment_id=2437\" rel=\"attachment wp-att-2437\"><img loading=\"lazy\" decoding=\"async\" class=\"alignleft size-medium wp-image-2437\" src=\"https:\/\/www.olohuone.fi\/wp-content\/uploads\/2024\/02\/Karsa-magneettikiinnike-3D-1-300x300.jpg\" alt=\"K\u00e4rs\u00e4 magneettikiinnike\" width=\"300\" height=\"300\" srcset=\"https:\/\/www.olohuone.fi\/wp-content\/uploads\/2024\/02\/Karsa-magneettikiinnike-3D-1-300x300.jpg 300w, https:\/\/www.olohuone.fi\/wp-content\/uploads\/2024\/02\/Karsa-magneettikiinnike-3D-1-150x150.jpg 150w, https:\/\/www.olohuone.fi\/wp-content\/uploads\/2024\/02\/Karsa-magneettikiinnike-3D-1-768x768.jpg 768w, https:\/\/www.olohuone.fi\/wp-content\/uploads\/2024\/02\/Karsa-magneettikiinnike-3D-1-324x324.jpg 324w, https:\/\/www.olohuone.fi\/wp-content\/uploads\/2024\/02\/Karsa-magneettikiinnike-3D-1-416x416.jpg 416w, https:\/\/www.olohuone.fi\/wp-content\/uploads\/2024\/02\/Karsa-magneettikiinnike-3D-1-100x100.jpg 100w, https:\/\/www.olohuone.fi\/wp-content\/uploads\/2024\/02\/Karsa-magneettikiinnike-3D-1.jpg 800w\" sizes=\"auto, (max-width: 300px) 100vw, 300px\" \/><\/a> <a href=\"https:\/\/www.olohuone.fi\/?attachment_id=2438\" rel=\"attachment wp-att-2438\"><img loading=\"lazy\" decoding=\"async\" class=\"alignleft size-medium wp-image-2438\" src=\"https:\/\/www.olohuone.fi\/wp-content\/uploads\/2024\/02\/Karsa-magneettikiinnike-3D-2-BL-300x300.jpg\" alt=\"\" width=\"300\" height=\"300\" srcset=\"https:\/\/www.olohuone.fi\/wp-content\/uploads\/2024\/02\/Karsa-magneettikiinnike-3D-2-BL-300x300.jpg 300w, https:\/\/www.olohuone.fi\/wp-content\/uploads\/2024\/02\/Karsa-magneettikiinnike-3D-2-BL-150x150.jpg 150w, https:\/\/www.olohuone.fi\/wp-content\/uploads\/2024\/02\/Karsa-magneettikiinnike-3D-2-BL-768x768.jpg 768w, https:\/\/www.olohuone.fi\/wp-content\/uploads\/2024\/02\/Karsa-magneettikiinnike-3D-2-BL-324x324.jpg 324w, https:\/\/www.olohuone.fi\/wp-content\/uploads\/2024\/02\/Karsa-magneettikiinnike-3D-2-BL-416x416.jpg 416w, https:\/\/www.olohuone.fi\/wp-content\/uploads\/2024\/02\/Karsa-magneettikiinnike-3D-2-BL-100x100.jpg 100w, https:\/\/www.olohuone.fi\/wp-content\/uploads\/2024\/02\/Karsa-magneettikiinnike-3D-2-BL.jpg 800w\" sizes=\"auto, (max-width: 300px) 100vw, 300px\" \/><\/a><\/p>\n","protected":false},"excerpt":{"rendered":"<p>K\u00e4rs\u00e4-kiinnikkeet ovat magneettisia kiinnittimi\u00e4 esim. puruimurin letkuille. Sen avulla vaihdat puruimurin letkun nopeasti laitteelta toiselle.<\/p>\n","protected":false},"featured_media":2438,"comment_status":"open","ping_status":"closed","template":"","meta":[],"product_brand":[],"product_cat":[39],"product_tag":[63,65,68,66,64,67,69],"class_list":{"0":"post-2436","1":"product","2":"type-product","3":"status-publish","4":"has-post-thumbnail","6":"product_cat-autotalli","7":"product_tag-karsa","8":"product_tag-kiinnike","9":"product_tag-kiinnitys","10":"product_tag-letkukiinnike","11":"product_tag-magneetti","12":"product_tag-magneettikiinnike","13":"product_tag-magneettinen","14":"product_shipping_class-perustoimituskulu-15","16":"first","17":"instock","18":"taxable","19":"shipping-taxable","20":"purchasable","21":"product-type-simple"},"jetpack_sharing_enabled":true,"_links":{"self":[{"href":"https:\/\/www.olohuone.fi\/index.php?rest_route=\/wp\/v2\/product\/2436","targetHints":{"allow":["GET"]}}],"collection":[{"href":"https:\/\/www.olohuone.fi\/index.php?rest_route=\/wp\/v2\/product"}],"about":[{"href":"https:\/\/www.olohuone.fi\/index.php?rest_route=\/wp\/v2\/types\/product"}],"replies":[{"embeddable":true,"href":"https:\/\/www.olohuone.fi\/index.php?rest_route=%2Fwp%2Fv2%2Fcomments&post=2436"}],"wp:featuredmedia":[{"embeddable":true,"href":"https:\/\/www.olohuone.fi\/index.php?rest_route=\/wp\/v2\/media\/2438"}],"wp:attachment":[{"href":"https:\/\/www.olohuone.fi\/index.php?rest_route=%2Fwp%2Fv2%2Fmedia&parent=2436"}],"wp:term":[{"taxonomy":"product_brand","embeddable":true,"href":"https:\/\/www.olohuone.fi\/index.php?rest_route=%2Fwp%2Fv2%2Fproduct_brand&post=2436"},{"taxonomy":"product_cat","embeddable":true,"href":"https:\/\/www.olohuone.fi\/index.php?rest_route=%2Fwp%2Fv2%2Fproduct_cat&post=2436"},{"taxonomy":"product_tag","embeddable":true,"href":"https:\/\/www.olohuone.fi\/index.php?rest_route=%2Fwp%2Fv2%2Fproduct_tag&post=2436"}],"curies":[{"name":"wp","href":"https:\/\/api.w.org\/{rel}","templated":true}]}}