{"id":2424,"date":"2024-02-14T11:22:35","date_gmt":"2024-02-14T09:22:35","guid":{"rendered":"https:\/\/www.olohuone.fi\/?post_type=product&#038;p=2424"},"modified":"2024-06-20T13:40:11","modified_gmt":"2024-06-20T10:40:11","slug":"oaksmoke-octet-grill","status":"publish","type":"product","link":"https:\/\/www.olohuone.fi\/?product=oaksmoke-octet-grill","title":{"rendered":"Oaksmoke Octet Grill"},"content":{"rendered":"<p>Oaksmoke Octet grilli on suurella paistoalalla sek\u00e4 s\u00e4\u00e4dett\u00e4v\u00e4ll\u00e4 grilliritil\u00e4ll\u00e4 varustettu puugrilli. Grilliss\u00e4 on jalan alaosassa tuhkaluukku, jolla voi s\u00e4\u00e4t\u00e4\u00e4 vetoa.<\/p>\n<p>Oaksmoke-grillit on suunniteltu ja valmistettu Suomessa, pohjoisiin olosuhteisiin.<br \/>\nNiill\u00e4 voi grillata vuoden ymp\u00e4ri. Oaksmoke-tuotteiden suunnittelussa ja valmistuksessa t\u00e4rkeit\u00e4 asioita ovat tuotteiden pitk\u00e4 kestoik\u00e4, toimiva ja turvallinen design, korkea laatu sek\u00e4 monik\u00e4ytt\u00f6isyys. Keskeist\u00e4 tuotteissamme on my\u00f6s yhteis\u00f6llinen ja el\u00e4myksellinen ruoanlaitto.<\/p>\n<p>Korkeusvaihtoehdot ovat 60 cm, 73 cm ja 100 cm.<br \/>\nPaistotasona 12 mm ter\u00e4slevy, jonka halkaisija on 98 cm \/ 106 cm<br \/>\nPaistopinta-ala 6800 cm2 (ilman grilliritil\u00e4\u00e4)<br \/>\nPaino yhteens\u00e4 165 \u2013 190 kg riippuen valitusta jalustasta ja lis\u00e4varusteista<\/p>\n<p><a href=\"https:\/\/www.olohuone.fi\/?attachment_id=2294\" rel=\"attachment wp-att-2294\"><img loading=\"lazy\" decoding=\"async\" class=\"alignleft size-medium wp-image-2294\" src=\"https:\/\/www.olohuone.fi\/wp-content\/uploads\/2019\/09\/cropped-Oaksmoke09505-300x169.jpg\" alt=\"\" width=\"300\" height=\"169\" srcset=\"https:\/\/www.olohuone.fi\/wp-content\/uploads\/2019\/09\/cropped-Oaksmoke09505-300x169.jpg 300w, https:\/\/www.olohuone.fi\/wp-content\/uploads\/2019\/09\/cropped-Oaksmoke09505-416x234.jpg 416w, https:\/\/www.olohuone.fi\/wp-content\/uploads\/2019\/09\/cropped-Oaksmoke09505-768x432.jpg 768w, https:\/\/www.olohuone.fi\/wp-content\/uploads\/2019\/09\/cropped-Oaksmoke09505-1024x576.jpg 1024w, https:\/\/www.olohuone.fi\/wp-content\/uploads\/2019\/09\/cropped-Oaksmoke09505.jpg 1600w\" sizes=\"auto, (max-width: 300px) 100vw, 300px\" \/><\/a> <a href=\"https:\/\/www.olohuone.fi\/?attachment_id=2296\" rel=\"attachment wp-att-2296\"><img loading=\"lazy\" decoding=\"async\" class=\"alignleft size-medium wp-image-2296\" src=\"https:\/\/www.olohuone.fi\/wp-content\/uploads\/2019\/09\/cropped-Oaksmoke08830-300x169.jpg\" alt=\"\" width=\"300\" height=\"169\" srcset=\"https:\/\/www.olohuone.fi\/wp-content\/uploads\/2019\/09\/cropped-Oaksmoke08830-300x169.jpg 300w, https:\/\/www.olohuone.fi\/wp-content\/uploads\/2019\/09\/cropped-Oaksmoke08830-416x234.jpg 416w, https:\/\/www.olohuone.fi\/wp-content\/uploads\/2019\/09\/cropped-Oaksmoke08830-768x432.jpg 768w, https:\/\/www.olohuone.fi\/wp-content\/uploads\/2019\/09\/cropped-Oaksmoke08830-1024x576.jpg 1024w, https:\/\/www.olohuone.fi\/wp-content\/uploads\/2019\/09\/cropped-Oaksmoke08830.jpg 1600w\" sizes=\"auto, (max-width: 300px) 100vw, 300px\" \/><\/a> <a href=\"https:\/\/www.olohuone.fi\/?attachment_id=2298\" rel=\"attachment wp-att-2298\"><img loading=\"lazy\" decoding=\"async\" class=\"alignleft size-medium wp-image-2298\" src=\"https:\/\/www.olohuone.fi\/wp-content\/uploads\/2019\/09\/Oaksmoke08934-300x169.jpg\" alt=\"\" width=\"300\" height=\"169\" srcset=\"https:\/\/www.olohuone.fi\/wp-content\/uploads\/2019\/09\/Oaksmoke08934-300x169.jpg 300w, https:\/\/www.olohuone.fi\/wp-content\/uploads\/2019\/09\/Oaksmoke08934-416x234.jpg 416w, https:\/\/www.olohuone.fi\/wp-content\/uploads\/2019\/09\/Oaksmoke08934-768x432.jpg 768w, https:\/\/www.olohuone.fi\/wp-content\/uploads\/2019\/09\/Oaksmoke08934-1024x576.jpg 1024w, https:\/\/www.olohuone.fi\/wp-content\/uploads\/2019\/09\/Oaksmoke08934.jpg 1600w\" sizes=\"auto, (max-width: 300px) 100vw, 300px\" \/><\/a> <a href=\"https:\/\/www.olohuone.fi\/?attachment_id=2268\" rel=\"attachment wp-att-2268\"><img loading=\"lazy\" decoding=\"async\" class=\"alignleft size-medium wp-image-2268\" src=\"https:\/\/www.olohuone.fi\/wp-content\/uploads\/2018\/08\/cropped-Oaksmoke00781-300x300.jpg\" alt=\"Oaksmoke Octet\" width=\"300\" height=\"300\" srcset=\"https:\/\/www.olohuone.fi\/wp-content\/uploads\/2018\/08\/cropped-Oaksmoke00781-300x300.jpg 300w, https:\/\/www.olohuone.fi\/wp-content\/uploads\/2018\/08\/cropped-Oaksmoke00781-150x150.jpg 150w, https:\/\/www.olohuone.fi\/wp-content\/uploads\/2018\/08\/cropped-Oaksmoke00781-270x270.jpg 270w, https:\/\/www.olohuone.fi\/wp-content\/uploads\/2018\/08\/cropped-Oaksmoke00781-192x192.jpg 192w, https:\/\/www.olohuone.fi\/wp-content\/uploads\/2018\/08\/cropped-Oaksmoke00781-180x180.jpg 180w, https:\/\/www.olohuone.fi\/wp-content\/uploads\/2018\/08\/cropped-Oaksmoke00781-32x32.jpg 32w, https:\/\/www.olohuone.fi\/wp-content\/uploads\/2018\/08\/cropped-Oaksmoke00781.jpg 512w\" sizes=\"auto, (max-width: 300px) 100vw, 300px\" \/><\/a><a href=\"https:\/\/www.olohuone.fi\/?attachment_id=2425\" rel=\"attachment wp-att-2425\"><img loading=\"lazy\" decoding=\"async\" class=\"alignleft size-medium wp-image-2425\" src=\"https:\/\/www.olohuone.fi\/wp-content\/uploads\/2024\/02\/OaksmokeOctetGrill1-300x300.jpg\" alt=\"Oaksmoke Octet Grill\" width=\"300\" height=\"300\" srcset=\"https:\/\/www.olohuone.fi\/wp-content\/uploads\/2024\/02\/OaksmokeOctetGrill1-300x300.jpg 300w, https:\/\/www.olohuone.fi\/wp-content\/uploads\/2024\/02\/OaksmokeOctetGrill1-150x150.jpg 150w, https:\/\/www.olohuone.fi\/wp-content\/uploads\/2024\/02\/OaksmokeOctetGrill1-324x324.jpg 324w, https:\/\/www.olohuone.fi\/wp-content\/uploads\/2024\/02\/OaksmokeOctetGrill1-100x100.jpg 100w, https:\/\/www.olohuone.fi\/wp-content\/uploads\/2024\/02\/OaksmokeOctetGrill1.jpg 400w\" sizes=\"auto, (max-width: 300px) 100vw, 300px\" \/><\/a> <a href=\"https:\/\/www.olohuone.fi\/?attachment_id=2426\" rel=\"attachment wp-att-2426\"><img loading=\"lazy\" decoding=\"async\" class=\"alignleft size-medium wp-image-2426\" src=\"https:\/\/www.olohuone.fi\/wp-content\/uploads\/2024\/02\/OaksmokeOctetGrill2-300x300.jpg\" alt=\"\" width=\"300\" height=\"300\" srcset=\"https:\/\/www.olohuone.fi\/wp-content\/uploads\/2024\/02\/OaksmokeOctetGrill2-300x300.jpg 300w, https:\/\/www.olohuone.fi\/wp-content\/uploads\/2024\/02\/OaksmokeOctetGrill2-150x150.jpg 150w, https:\/\/www.olohuone.fi\/wp-content\/uploads\/2024\/02\/OaksmokeOctetGrill2-768x768.jpg 768w, https:\/\/www.olohuone.fi\/wp-content\/uploads\/2024\/02\/OaksmokeOctetGrill2-324x324.jpg 324w, https:\/\/www.olohuone.fi\/wp-content\/uploads\/2024\/02\/OaksmokeOctetGrill2-416x416.jpg 416w, https:\/\/www.olohuone.fi\/wp-content\/uploads\/2024\/02\/OaksmokeOctetGrill2-100x100.jpg 100w, https:\/\/www.olohuone.fi\/wp-content\/uploads\/2024\/02\/OaksmokeOctetGrill2.jpg 800w\" sizes=\"auto, (max-width: 300px) 100vw, 300px\" \/><\/a> <a href=\"https:\/\/www.olohuone.fi\/?attachment_id=2427\" rel=\"attachment wp-att-2427\"><img loading=\"lazy\" decoding=\"async\" class=\"alignleft size-medium wp-image-2427\" src=\"https:\/\/www.olohuone.fi\/wp-content\/uploads\/2024\/02\/OaksmokeOctetGrill3-300x300.jpg\" alt=\"\" width=\"300\" height=\"300\" srcset=\"https:\/\/www.olohuone.fi\/wp-content\/uploads\/2024\/02\/OaksmokeOctetGrill3-300x300.jpg 300w, https:\/\/www.olohuone.fi\/wp-content\/uploads\/2024\/02\/OaksmokeOctetGrill3-150x150.jpg 150w, https:\/\/www.olohuone.fi\/wp-content\/uploads\/2024\/02\/OaksmokeOctetGrill3-768x768.jpg 768w, https:\/\/www.olohuone.fi\/wp-content\/uploads\/2024\/02\/OaksmokeOctetGrill3-324x324.jpg 324w, https:\/\/www.olohuone.fi\/wp-content\/uploads\/2024\/02\/OaksmokeOctetGrill3-416x416.jpg 416w, https:\/\/www.olohuone.fi\/wp-content\/uploads\/2024\/02\/OaksmokeOctetGrill3-100x100.jpg 100w, https:\/\/www.olohuone.fi\/wp-content\/uploads\/2024\/02\/OaksmokeOctetGrill3.jpg 800w\" sizes=\"auto, (max-width: 300px) 100vw, 300px\" \/><\/a><\/p>\n","protected":false},"excerpt":{"rendered":"<p>Oaksmoke Octet grilli on suurella paistoalalla sek\u00e4 s\u00e4\u00e4dett\u00e4v\u00e4ll\u00e4 grilliritil\u00e4ll\u00e4 varustettu puugrilli. Grilliss\u00e4 on jalan alaosassa tuhkaluukku, jolla voi s\u00e4\u00e4t\u00e4\u00e4 vetoa.<\/p>\n","protected":false},"featured_media":2427,"comment_status":"open","ping_status":"closed","template":"","meta":[],"product_brand":[],"product_cat":[33],"product_tag":[53,52,50,47,38,51,49,48],"class_list":{"0":"post-2424","1":"product","2":"type-product","3":"status-publish","4":"has-post-thumbnail","6":"product_cat-grillit-ja-grillaus","7":"product_tag-bbq","8":"product_tag-cooking","9":"product_tag-grillaus","10":"product_tag-grilli","11":"product_tag-oaksmoke","12":"product_tag-outdoor","13":"product_tag-paistotaso","14":"product_tag-puugrilli","15":"product_shipping_class-rahti-painavat-80","17":"first","18":"instock","19":"taxable","20":"shipping-taxable","21":"purchasable","22":"product-type-simple"},"jetpack_sharing_enabled":true,"_links":{"self":[{"href":"https:\/\/www.olohuone.fi\/index.php?rest_route=\/wp\/v2\/product\/2424","targetHints":{"allow":["GET"]}}],"collection":[{"href":"https:\/\/www.olohuone.fi\/index.php?rest_route=\/wp\/v2\/product"}],"about":[{"href":"https:\/\/www.olohuone.fi\/index.php?rest_route=\/wp\/v2\/types\/product"}],"replies":[{"embeddable":true,"href":"https:\/\/www.olohuone.fi\/index.php?rest_route=%2Fwp%2Fv2%2Fcomments&post=2424"}],"wp:featuredmedia":[{"embeddable":true,"href":"https:\/\/www.olohuone.fi\/index.php?rest_route=\/wp\/v2\/media\/2427"}],"wp:attachment":[{"href":"https:\/\/www.olohuone.fi\/index.php?rest_route=%2Fwp%2Fv2%2Fmedia&parent=2424"}],"wp:term":[{"taxonomy":"product_brand","embeddable":true,"href":"https:\/\/www.olohuone.fi\/index.php?rest_route=%2Fwp%2Fv2%2Fproduct_brand&post=2424"},{"taxonomy":"product_cat","embeddable":true,"href":"https:\/\/www.olohuone.fi\/index.php?rest_route=%2Fwp%2Fv2%2Fproduct_cat&post=2424"},{"taxonomy":"product_tag","embeddable":true,"href":"https:\/\/www.olohuone.fi\/index.php?rest_route=%2Fwp%2Fv2%2Fproduct_tag&post=2424"}],"curies":[{"name":"wp","href":"https:\/\/api.w.org\/{rel}","templated":true}]}}