{"id":821,"date":"2017-09-21T14:15:57","date_gmt":"2017-09-21T11:15:57","guid":{"rendered":"http:\/\/www.olohuone.fi\/?page_id=821"},"modified":"2017-09-21T14:15:57","modified_gmt":"2017-09-21T11:15:57","slug":"kesakurpitsa-paprikakeitto","status":"publish","type":"page","link":"https:\/\/www.olohuone.fi\/?page_id=821","title":{"rendered":"Kes\u00e4kurpitsa-paprikakeitto"},"content":{"rendered":"<p><em><strong>Ainekset<\/strong><\/em><\/p>\n<p><span style=\"font-size: 1rem;\">2 &#8211; 4 paprikaa (keltaisia, oransseja tai punaisia)<\/span><\/p>\n<p>1 &#8211; 2 kes\u00e4kurpitsaa<\/p>\n<p>1 &#8211; 2 salottisipulia<\/p>\n<p>valkosipulinkynsi\u00e4 maun mukaan<\/p>\n<p>n. 10 dl vett\u00e4<\/p>\n<p>2 kasvisliemikuutiota<\/p>\n<p>juustoa maun mukaan (esim. sulatejuustoa, tuorejuustoa tai juustoraastetta)<\/p>\n<p>1 tl suolaa<\/p>\n<p>pari ropausta mustapippuria<\/p>\n<p>ripaus valkopippuria<\/p>\n<p>chili\u00e4 maun mukaan<\/p>\n<p>&nbsp;<\/p>\n<p><em><strong>Valmistus<\/strong><\/em><\/p>\n<ol>\n<li>L\u00e4mmit\u00e4 uuni 225 asteeseen.<\/li>\n<li>Poista paprikoista siemenet ja kannat, Kuutioi ne muutamaan osaan.<\/li>\n<li>Kuutioi kes\u00e4kurpitsat.<\/li>\n<li>Kuori salottisipulit sek\u00e4 valkosipulinkynnet ja pilko ne.<\/li>\n<li>Laita kaikki kasvikset uunivuokaan ja paahda uunin keskitasolla noin 15 &#8211; 20 minuuttia,<\/li>\n<li>Kiehauta vesi ja liuota liemikuutiot siihen.<\/li>\n<li>Lis\u00e4\u00e4 paahdetut kasvikset kiehuvaan veteen.<\/li>\n<li>Anna kiehua miedolla l\u00e4mm\u00f6ll\u00e4 noin 10 minuuttia. Kiehumisen puoliv\u00e4liss\u00e4 lis\u00e4\u00e4 juusto,<\/li>\n<li>Soseuta keitto.<\/li>\n<li>Mausta.<\/li>\n<\/ol>\n<p><em>L\u00e4hde (mukaillen):\u00a0<\/em><\/p>\n<p>Iltasanomat. Ruokala. Paahdettu paprikakeitto.\u00a0http:\/\/www.is.fi\/ruokala\/resepti\/art-2000001008154.html. Luettu 21.9.2017.<\/p>\n","protected":false},"excerpt":{"rendered":"<p>Ainekset 2 &#8211; 4 paprikaa (keltaisia, oransseja tai punaisia) 1 &#8211; 2 kes\u00e4kurpitsaa 1 &#8211; 2 salottisipulia valkosipulinkynsi\u00e4 maun mukaan n. 10 dl vett\u00e4 2 kasvisliemikuutiota juustoa maun mukaan (esim. sulatejuustoa, tuorejuustoa tai juustoraastetta) 1 tl suolaa pari ropausta mustapippuria ripaus valkopippuria chili\u00e4 maun mukaan &nbsp; Valmistus L\u00e4mmit\u00e4 uuni 225 asteeseen. Poista paprikoista siemenet ja [&hellip;]<\/p>\n","protected":false},"author":4,"featured_media":0,"parent":735,"menu_order":4,"comment_status":"closed","ping_status":"closed","template":"","meta":{"footnotes":""},"class_list":["post-821","page","type-page","status-publish","hentry"],"jetpack_sharing_enabled":true,"_links":{"self":[{"href":"https:\/\/www.olohuone.fi\/index.php?rest_route=\/wp\/v2\/pages\/821","targetHints":{"allow":["GET"]}}],"collection":[{"href":"https:\/\/www.olohuone.fi\/index.php?rest_route=\/wp\/v2\/pages"}],"about":[{"href":"https:\/\/www.olohuone.fi\/index.php?rest_route=\/wp\/v2\/types\/page"}],"author":[{"embeddable":true,"href":"https:\/\/www.olohuone.fi\/index.php?rest_route=\/wp\/v2\/users\/4"}],"replies":[{"embeddable":true,"href":"https:\/\/www.olohuone.fi\/index.php?rest_route=%2Fwp%2Fv2%2Fcomments&post=821"}],"version-history":[{"count":2,"href":"https:\/\/www.olohuone.fi\/index.php?rest_route=\/wp\/v2\/pages\/821\/revisions"}],"predecessor-version":[{"id":823,"href":"https:\/\/www.olohuone.fi\/index.php?rest_route=\/wp\/v2\/pages\/821\/revisions\/823"}],"up":[{"embeddable":true,"href":"https:\/\/www.olohuone.fi\/index.php?rest_route=\/wp\/v2\/pages\/735"}],"wp:attachment":[{"href":"https:\/\/www.olohuone.fi\/index.php?rest_route=%2Fwp%2Fv2%2Fmedia&parent=821"}],"curies":[{"name":"wp","href":"https:\/\/api.w.org\/{rel}","templated":true}]}}