{"id":795,"date":"2017-08-17T14:14:04","date_gmt":"2017-08-17T11:14:04","guid":{"rendered":"http:\/\/www.olohuone.fi\/?page_id=795"},"modified":"2017-09-21T13:59:15","modified_gmt":"2017-09-21T10:59:15","slug":"uunikasvikset","status":"publish","type":"page","link":"https:\/\/www.olohuone.fi\/?page_id=795","title":{"rendered":"Uunikasvikset"},"content":{"rendered":"<p><strong>\u00a0<em>Ainekset<\/em><\/strong><\/p>\n<p>perunoita (4-6 kpl)<\/p>\n<p>1 kes\u00e4kurpitsa<\/p>\n<p>paprikoita (1 &#8211; 2 kpl)<\/p>\n<p>1 parsakaali<\/p>\n<p>(2 tl) yrttisuolaa<\/p>\n<p>mustapippuria maun mukaan<\/p>\n<p>loraus sitruunamehua<\/p>\n<p>loraus tai pari oliivi\u00f6ljy\u00e4<\/p>\n<p>1 &#8211; 2 prk fetajuustoa<\/p>\n<p>n. 2 rkl hunajaa<\/p>\n<p>&nbsp;<\/p>\n<ol>\n<li>Laita uuni l\u00e4mpenem\u00e4\u00e4n 200 asteeseen.<\/li>\n<li>Pese ja pilko kasvikset, palat saavat j\u00e4\u00e4d\u00e4 reilun kokoisiksi. Kasviksia ei tarvitse kuoria.<\/li>\n<li>Laita kaikki kasvikset suureen kulhoon maustamista varten.<\/li>\n<li>Ripottele kasviksiin yrttisuolaa ja mustapippuria. Sekoita hyvin.<\/li>\n<li>Kaada kasviksiin sitruunamehua sek\u00e4 oliivi\u00f6ljy\u00e4. Sekoita hyvin.<\/li>\n<li>Jos on aikaa, anna kasvisten maustua jonkin aikaa.<\/li>\n<li>Kaada kasvikset leivinpaperilla vuoratulle uunipellille.<\/li>\n<li>Paista uunissa 20 &#8211; 30 minuuttia.<\/li>\n<li>Ripottele fetajuustokuutiot kasvisten p\u00e4\u00e4lle ja jatka paistamista viel\u00e4 10 minuuttia.<\/li>\n<li>Ota ruoka uunista ja valuta p\u00e4\u00e4lle hunajaa. Tarjoile.<\/li>\n<\/ol>\n<p>&nbsp;<\/p>\n<p>Kasvikset voi valita oman maun mukaan. Ruokaan voisivat sopia my\u00f6s esim. porkkanat, munakoiso ja sipuli. Fetajuuston tilalle voi laittaa vuohenjuustoa. Mausteetkin voi valita oman maun mukaan.<\/p>\n<p>L\u00e4hde (resepti\u00e4 mukaillen): Mtv3.fi. Lifestyle. Makuja. 2016. Mit\u00e4 t\u00e4n\u00e4\u00e4n ruoaksi+ Uunijuurekset vuohenjuustolla on syksyn helpoin herkku.\u00a0https:\/\/www.mtv.fi\/lifestyle\/makuja\/artikkeli\/mita-tanaan-ruoaksi-uunijuurekset-vuohenjuustolla-on-syksyn-helpoin-herkku\/6074634#gs.9jwWGW4. Julkaistu 15.9.2016. Luettu 17.8.2017.<\/p>\n","protected":false},"excerpt":{"rendered":"<p>\u00a0Ainekset perunoita (4-6 kpl) 1 kes\u00e4kurpitsa paprikoita (1 &#8211; 2 kpl) 1 parsakaali (2 tl) yrttisuolaa mustapippuria maun mukaan loraus sitruunamehua loraus tai pari oliivi\u00f6ljy\u00e4 1 &#8211; 2 prk fetajuustoa n. 2 rkl hunajaa &nbsp; Laita uuni l\u00e4mpenem\u00e4\u00e4n 200 asteeseen. Pese ja pilko kasvikset, palat saavat j\u00e4\u00e4d\u00e4 reilun kokoisiksi. Kasviksia ei tarvitse kuoria. Laita kaikki [&hellip;]<\/p>\n","protected":false},"author":4,"featured_media":0,"parent":735,"menu_order":3,"comment_status":"closed","ping_status":"closed","template":"","meta":{"footnotes":""},"class_list":["post-795","page","type-page","status-publish","hentry"],"jetpack_sharing_enabled":true,"_links":{"self":[{"href":"https:\/\/www.olohuone.fi\/index.php?rest_route=\/wp\/v2\/pages\/795","targetHints":{"allow":["GET"]}}],"collection":[{"href":"https:\/\/www.olohuone.fi\/index.php?rest_route=\/wp\/v2\/pages"}],"about":[{"href":"https:\/\/www.olohuone.fi\/index.php?rest_route=\/wp\/v2\/types\/page"}],"author":[{"embeddable":true,"href":"https:\/\/www.olohuone.fi\/index.php?rest_route=\/wp\/v2\/users\/4"}],"replies":[{"embeddable":true,"href":"https:\/\/www.olohuone.fi\/index.php?rest_route=%2Fwp%2Fv2%2Fcomments&post=795"}],"version-history":[{"count":3,"href":"https:\/\/www.olohuone.fi\/index.php?rest_route=\/wp\/v2\/pages\/795\/revisions"}],"predecessor-version":[{"id":820,"href":"https:\/\/www.olohuone.fi\/index.php?rest_route=\/wp\/v2\/pages\/795\/revisions\/820"}],"up":[{"embeddable":true,"href":"https:\/\/www.olohuone.fi\/index.php?rest_route=\/wp\/v2\/pages\/735"}],"wp:attachment":[{"href":"https:\/\/www.olohuone.fi\/index.php?rest_route=%2Fwp%2Fv2%2Fmedia&parent=795"}],"curies":[{"name":"wp","href":"https:\/\/api.w.org\/{rel}","templated":true}]}}