{"id":749,"date":"2017-02-02T21:47:39","date_gmt":"2017-02-02T19:47:39","guid":{"rendered":"http:\/\/www.olohuone.fi\/?page_id=749"},"modified":"2017-02-03T19:44:55","modified_gmt":"2017-02-03T17:44:55","slug":"raparperipiirakka","status":"publish","type":"page","link":"https:\/\/www.olohuone.fi\/?page_id=749","title":{"rendered":"Raparperipiirakka"},"content":{"rendered":"<p style=\"padding-left: 60px;\"><a href=\"http:\/\/www.olohuone.fi\/?attachment_id=767\" rel=\"attachment wp-att-767\"><img loading=\"lazy\" decoding=\"async\" class=\"aligncenter size-medium wp-image-767\" src=\"http:\/\/www.olohuone.fi\/wp-content\/uploads\/2017\/02\/IMG_20170203_194115-1040x584-300x168.jpg\" alt=\"\" width=\"300\" height=\"168\" srcset=\"https:\/\/www.olohuone.fi\/wp-content\/uploads\/2017\/02\/IMG_20170203_194115-1040x584-300x168.jpg 300w, https:\/\/www.olohuone.fi\/wp-content\/uploads\/2017\/02\/IMG_20170203_194115-1040x584-416x234.jpg 416w, https:\/\/www.olohuone.fi\/wp-content\/uploads\/2017\/02\/IMG_20170203_194115-1040x584-768x431.jpg 768w, https:\/\/www.olohuone.fi\/wp-content\/uploads\/2017\/02\/IMG_20170203_194115-1040x584-1024x575.jpg 1024w, https:\/\/www.olohuone.fi\/wp-content\/uploads\/2017\/02\/IMG_20170203_194115-1040x584.jpg 1040w\" sizes=\"auto, (max-width: 300px) 100vw, 300px\" \/><\/a><\/p>\n<p style=\"padding-left: 60px;\"><strong><em>Ainekset<\/em><\/strong><\/p>\n<p><em>Pohja<\/em><\/p>\n<p>150 g voita<br \/>\n1.5 dl sokeria<br \/>\n1 kpl muna<br \/>\n0.5 dl vett\u00e4<br \/>\n3 dl vehn\u00e4jauhoja<br \/>\n2 tl vaniljasokeria tai kardemummaa<br \/>\n1 tl leivinjauhetta<\/p>\n<p><em>T\u00e4yte<\/em><\/p>\n<p>5 dl raparperipaloja<br \/>\n0.5 dl sokeria<br \/>\n2 kpl munaa<br \/>\n200 g ranskankermaa<br \/>\n(1 tl vaniljasokeria)<\/p>\n<p>&nbsp;<\/p>\n<p><em><strong>Valmistus<\/strong><\/em><\/p>\n<p>1. Kuumenna uuni 200 asteeseen.<\/p>\n<p>2. Vaahdota huoneenl\u00e4mp\u00f6inen voi ja sokeri. Lis\u00e4\u00e4 muna ja vesi sek\u00e4 jauhot, joihin on sekoitettu vaniljasokeri tai kardemumma ja leivinjauhe.<\/p>\n<p>2. Leivit\u00e4 taikina 26-senttisen piirakkavuoan pohjalle ja reunoille. Kaada raparperipalat vuokaan taikinan p\u00e4\u00e4lle. Mausta sokerilla.<\/p>\n<p>3. Sekoita munat ja vaniljasokeri ranskankermaan. Kaada seos vuokaan ja kypsenn\u00e4 piirakka 200-asteisen uunin keskiosassa noin 30 minuuttia.<\/p>\n<p>&nbsp;<\/p>\n<p>L\u00e4hde (resepti\u00e4 hiukkasen muokattu alkuper\u00e4isest\u00e4):<\/p>\n<p>Kotiliesi. Herkullinen raparperipiirakka. Verkkodokumentti. Luettu 2.2.2017.\u00a0https:\/\/kotiliesi.fi\/ruoka\/reseptit\/herkullinen-raparperipiirakka<\/p>\n","protected":false},"excerpt":{"rendered":"<p>Ainekset Pohja 150 g voita 1.5 dl sokeria 1 kpl muna 0.5 dl vett\u00e4 3 dl vehn\u00e4jauhoja 2 tl vaniljasokeria tai kardemummaa 1 tl leivinjauhetta T\u00e4yte 5 dl raparperipaloja 0.5 dl sokeria 2 kpl munaa 200 g ranskankermaa (1 tl vaniljasokeria) &nbsp; Valmistus 1. Kuumenna uuni 200 asteeseen. 2. Vaahdota huoneenl\u00e4mp\u00f6inen voi ja sokeri. Lis\u00e4\u00e4 [&hellip;]<\/p>\n","protected":false},"author":1,"featured_media":0,"parent":735,"menu_order":2,"comment_status":"open","ping_status":"closed","template":"","meta":{"footnotes":""},"class_list":["post-749","page","type-page","status-publish","hentry"],"jetpack_sharing_enabled":true,"_links":{"self":[{"href":"https:\/\/www.olohuone.fi\/index.php?rest_route=\/wp\/v2\/pages\/749","targetHints":{"allow":["GET"]}}],"collection":[{"href":"https:\/\/www.olohuone.fi\/index.php?rest_route=\/wp\/v2\/pages"}],"about":[{"href":"https:\/\/www.olohuone.fi\/index.php?rest_route=\/wp\/v2\/types\/page"}],"author":[{"embeddable":true,"href":"https:\/\/www.olohuone.fi\/index.php?rest_route=\/wp\/v2\/users\/1"}],"replies":[{"embeddable":true,"href":"https:\/\/www.olohuone.fi\/index.php?rest_route=%2Fwp%2Fv2%2Fcomments&post=749"}],"version-history":[{"count":6,"href":"https:\/\/www.olohuone.fi\/index.php?rest_route=\/wp\/v2\/pages\/749\/revisions"}],"predecessor-version":[{"id":768,"href":"https:\/\/www.olohuone.fi\/index.php?rest_route=\/wp\/v2\/pages\/749\/revisions\/768"}],"up":[{"embeddable":true,"href":"https:\/\/www.olohuone.fi\/index.php?rest_route=\/wp\/v2\/pages\/735"}],"wp:attachment":[{"href":"https:\/\/www.olohuone.fi\/index.php?rest_route=%2Fwp%2Fv2%2Fmedia&parent=749"}],"curies":[{"name":"wp","href":"https:\/\/api.w.org\/{rel}","templated":true}]}}