{"id":735,"date":"2017-01-30T21:55:37","date_gmt":"2017-01-30T19:55:37","guid":{"rendered":"http:\/\/www.olohuone.fi\/?page_id=735"},"modified":"2018-09-04T11:10:29","modified_gmt":"2018-09-04T08:10:29","slug":"reseptit","status":"publish","type":"page","link":"https:\/\/www.olohuone.fi\/?page_id=735","title":{"rendered":"Reseptit ruokavalion mukaisesti"},"content":{"rendered":"<p><strong>Valitse ensin sinulle sopiva ruokavalio<\/strong><\/p>\n<p><a href=\"http:\/\/www.olohuone.fi\/?page_id=1818\">Kaikkiruokainen<\/a><\/p>\n<p><a href=\"http:\/\/www.olohuone.fi\/?page_id=1815\">VHH (alle 100 g hh \/ vrk)<\/a><\/p>\n<p><a href=\"http:\/\/www.olohuone.fi\/?page_id=1859\">Ketogeeninen ruokavalio (alle 20 g hh \/ vrk)<\/a><\/p>\n<p><a href=\"http:\/\/www.olohuone.fi\/?page_id=1838\">Paleoruokavalio<\/a><\/p>\n<p><a href=\"http:\/\/www.olohuone.fi\/?page_id=1827\">Semivegetaarinen<\/a><\/p>\n<p><a href=\"http:\/\/www.olohuone.fi\/?page_id=1841\">Lakto-ovo-vegetaarinen<\/a><\/p>\n<p><a href=\"http:\/\/www.olohuone.fi\/?page_id=1832\">Laktovegetaarinen<\/a><\/p>\n<p><a href=\"http:\/\/www.olohuone.fi\/?page_id=1829\">Pescovegetaarinen<\/a><\/p>\n<p><a href=\"http:\/\/www.olohuone.fi\/?page_id=1825\">Vegaaninen<\/a><\/p>\n<p><a href=\"http:\/\/www.olohuone.fi\/?page_id=1869\">FODMAP-ruokavalio<\/a><\/p>\n<p>&nbsp;<\/p>\n<p><a href=\"http:\/\/www.olohuone.fi\/?page_id=1983\">Raaka-aineet suoraan maatiloilta<\/a><\/p>\n<p>Lis\u00e4\u00e4 erilaisia ruokavalion mukaisia reseptej\u00e4, jotka eiv\u00e4t kuulu edell\u00e4mainittuihin ryhmiin? <a href=\"mailto:jori@olohuone.fi\">Ilmoittele ruokavalion nimi ja resepti<\/a><\/p>\n","protected":false},"excerpt":{"rendered":"<p>Valitse ensin sinulle sopiva ruokavalio Kaikkiruokainen VHH (alle 100 g hh \/ vrk) Ketogeeninen ruokavalio (alle 20 g hh \/ vrk) Paleoruokavalio Semivegetaarinen Lakto-ovo-vegetaarinen Laktovegetaarinen Pescovegetaarinen Vegaaninen FODMAP-ruokavalio &nbsp; Raaka-aineet suoraan maatiloilta Lis\u00e4\u00e4 erilaisia ruokavalion mukaisia reseptej\u00e4, jotka eiv\u00e4t kuulu edell\u00e4mainittuihin ryhmiin? Ilmoittele ruokavalion nimi ja resepti<\/p>\n","protected":false},"author":1,"featured_media":1668,"parent":691,"menu_order":0,"comment_status":"open","ping_status":"open","template":"","meta":{"footnotes":""},"class_list":["post-735","page","type-page","status-publish","has-post-thumbnail","hentry"],"jetpack_sharing_enabled":true,"_links":{"self":[{"href":"https:\/\/www.olohuone.fi\/index.php?rest_route=\/wp\/v2\/pages\/735","targetHints":{"allow":["GET"]}}],"collection":[{"href":"https:\/\/www.olohuone.fi\/index.php?rest_route=\/wp\/v2\/pages"}],"about":[{"href":"https:\/\/www.olohuone.fi\/index.php?rest_route=\/wp\/v2\/types\/page"}],"author":[{"embeddable":true,"href":"https:\/\/www.olohuone.fi\/index.php?rest_route=\/wp\/v2\/users\/1"}],"replies":[{"embeddable":true,"href":"https:\/\/www.olohuone.fi\/index.php?rest_route=%2Fwp%2Fv2%2Fcomments&post=735"}],"version-history":[{"count":20,"href":"https:\/\/www.olohuone.fi\/index.php?rest_route=\/wp\/v2\/pages\/735\/revisions"}],"predecessor-version":[{"id":1997,"href":"https:\/\/www.olohuone.fi\/index.php?rest_route=\/wp\/v2\/pages\/735\/revisions\/1997"}],"up":[{"embeddable":true,"href":"https:\/\/www.olohuone.fi\/index.php?rest_route=\/wp\/v2\/pages\/691"}],"wp:featuredmedia":[{"embeddable":true,"href":"https:\/\/www.olohuone.fi\/index.php?rest_route=\/wp\/v2\/media\/1668"}],"wp:attachment":[{"href":"https:\/\/www.olohuone.fi\/index.php?rest_route=%2Fwp%2Fv2%2Fmedia&parent=735"}],"curies":[{"name":"wp","href":"https:\/\/api.w.org\/{rel}","templated":true}]}}