{"id":2441,"date":"2024-02-14T21:50:29","date_gmt":"2024-02-14T19:50:29","guid":{"rendered":"https:\/\/www.olohuone.fi\/?page_id=2441"},"modified":"2024-02-14T22:36:09","modified_gmt":"2024-02-14T20:36:09","slug":"tietosuojaseloste","status":"publish","type":"page","link":"https:\/\/www.olohuone.fi\/?page_id=2441","title":{"rendered":"Tietosuojaseloste"},"content":{"rendered":"\n<p>Ker\u00e4\u00e4mme tietoja sinusta kaupan kassalla.<\/p>\n\n\n\n<h2 class=\"wp-block-heading\">Mit\u00e4 ker\u00e4\u00e4mme ja s\u00e4ilyt\u00e4mme<\/h2>\n\n\n\n<p>Kun vierailet t\u00e4ll\u00e4 sivustolla, seuraamme:<\/p>\n\n\n\n<ul class=\"wp-block-list\">\n<li>Tuotteet joita olet katsonut: K\u00e4yt\u00e4mme t\u00e4t\u00e4, esimerkiksi, kun n\u00e4yt\u00e4mme tuotteita joita olet \u00e4skett\u00e4in katsonut.<\/li>\n\n\n\n<li>Sijainti, IP-osoite ja selaimen tyyppi: N\u00e4iden avulla arvioimme verojen ja toimituskulujen m\u00e4\u00e4r\u00e4n<\/li>\n\n\n\n<li>Toimitusosoite: Kysymme t\u00e4t\u00e4, jotta voimme -esimerkiksi- arvioida toimituskulut ennen kuin teet tilauksen ja lopuksi l\u00e4hett\u00e4\u00e4 tilauksen.<\/li>\n<\/ul>\n\n\n\n<p>K\u00e4yt\u00e4mme ev\u00e4steit\u00e4 my\u00f6s jotta s\u00e4ilyt\u00e4t ostoskorin sis\u00e4ll\u00f6n kun selaat sivustoa.<\/p>\n\n\n\n<p>Kun ostat meilt\u00e4, pyyd\u00e4mme tietoja kuten nimi, laskutusosoite, toimitusosoite, s\u00e4hk\u00f6postiosoite, puhelinnumero, luottokortin tai maksamisen tiedot ja valinnaiset k\u00e4ytt\u00e4j\u00e4tilin tiedot kuten k\u00e4ytt\u00e4j\u00e4tunnus ja salasana. K\u00e4yt\u00e4mme n\u00e4it\u00e4 tietoja tarkoituksiin kuten :<\/p>\n\n\n\n<ul class=\"wp-block-list\">\n<li>L\u00e4hett\u00e4\u00e4 tietoja tilist\u00e4si ja tilauksesta<\/li>\n\n\n\n<li>Vastata pyynt\u00f6ihisi, mukaan lukien hyvitykset ja valitukset<\/li>\n\n\n\n<li>K\u00e4sitell\u00e4 maksuja ja est\u00e4\u00e4 petollista toimintaa<\/li>\n\n\n\n<li>Luoda k\u00e4ytt\u00e4j\u00e4tilisi kauppaamme<\/li>\n\n\n\n<li>Noudattaa kaikkia lain velvotteita, kuten verojen maksaminen<\/li>\n\n\n\n<li>Parantaa kaupan tarjontaa<\/li>\n\n\n\n<li>L\u00e4hett\u00e4\u00e4 markkinointiviestej\u00e4, jos valitset ett\u00e4 haluat vastaanottaa niit\u00e4.<\/li>\n<\/ul>\n\n\n\n<p>Jos luot tilin, tallennamme nimen, osoitteen, s\u00e4hk\u00f6postiosoitteen ja puhelinnumeron joita k\u00e4ytet\u00e4\u00e4n kassalla t\u00e4ytt\u00e4m\u00e4\u00e4n kentti\u00e4 tulevissa tilauksissa.<\/p>\n\n\n\n<p>Yleens\u00e4 s\u00e4ilyt\u00e4mme tietojasi niin kauan kuin tarvitsemme niit\u00e4 niihin tarkoituksiin joita varten ker\u00e4\u00e4mme tiedot ja k\u00e4yt\u00e4mme tietoja ja niin kauan kuin meid\u00e4n on ne lain mukaan s\u00e4ilytett\u00e4v\u00e4. Esimerkiksi, s\u00e4ilyt\u00e4mme kaupan tiedot (?) vuodeksi verotusta ja kirjanpitoa varten.T\u00e4m\u00e4 sis\u00e4lt\u00e4\u00e4 nimen, s\u00e4hk\u00f6postiosoitteen ja laskutus- ja toimitusosoitteet.<\/p>\n\n\n\n<p>Tallennamme my\u00f6s kaupan kommentit ja tuotearvioinnit jos kirjoitat sellaisia.<\/p>\n\n\n\n<h2 class=\"wp-block-heading\">Ketk\u00e4 tiimist\u00e4mme p\u00e4\u00e4sev\u00e4t k\u00e4siksi<\/h2>\n\n\n\n<p>Tiimimme j\u00e4senet p\u00e4\u00e4sev\u00e4t tietoihin joita annat meille. Esimerksi, sek\u00e4 Yll\u00e4pit\u00e4j\u00e4t ett\u00e4 Kauppiaat p\u00e4\u00e4sev\u00e4t n\u00e4ihin:<\/p>\n\n\n\n<ul class=\"wp-block-list\">\n<li>Tilaustiedot kuten mit\u00e4 ja milloin ostettiin ja minne tilaus l\u00e4hetettiin sek\u00e4<\/li>\n\n\n\n<li>Asiakkaan tiedot kuten nimi, s\u00e4hk\u00f6postiosoite ja laskutus- ja toimitus tiedot.<\/li>\n<\/ul>\n\n\n\n<p>Tiimimme j\u00e4senet p\u00e4\u00e4sev\u00e4t n\u00e4ihin tietoihin jotta voivat t\u00e4ytt\u00e4\u00e4 tilaukset, k\u00e4sitell\u00e4 hyvitykset ja voivat tarjota tukea.<\/p>\n\n\n\n<h2 class=\"wp-block-heading\">Mit\u00e4 jaamme muiden kanssa<\/h2>\n\n\n\n<p>T\u00e4ss\u00e4 osassa sinun tulisi listata kenen kanssa jaat tietoja ja mit\u00e4 tarkoitusta varten. T\u00e4m\u00e4 voi sis\u00e4lt\u00e4\u00e4, mutta ei rajoitu, sivuston analytiikkaan, markkinointiin, maksuk\u00e4yt\u00e4viin, toimittajiin ja kolmannen osapuolen upotuksiin sivustolla.<\/p>\n\n\n\n<p>Jaamme tietoja niiden kolmansien osapuolten kanssa, jotka auttavat meit\u00e4 k\u00e4sittelem\u00e4\u00e4n tilauksia.<\/p>\n\n\n\n<h3 class=\"wp-block-heading\">Maksut<\/h3>\n\n\n\n<p>Hyv\u00e4ksymme PayPal-maksuja. Kun maksuja k\u00e4sitell\u00e4\u00e4n, joitakin tietojasi siirret\u00e4\u00e4n PayPal-maksupalveluun. N\u00e4it\u00e4 tietoja ovat mm. tiedot joita tarvitaan maksun toteuttamisessa tai -tukemisessa, esimerkiksi ostosten kokonaissumma ja laskutustiedot.<\/p>\n\n\n\n<p>Katso&nbsp;<a href=\"https:\/\/www.paypal.com\/us\/webapps\/mpp\/ua\/privacy-full\">t\u00e4\u00e4lt\u00e4 lis\u00e4\u00e4 PayPal yksityisyydensuojasta<\/a>.<\/p>\n","protected":false},"excerpt":{"rendered":"<p>Ker\u00e4\u00e4mme tietoja sinusta kaupan kassalla. Mit\u00e4 ker\u00e4\u00e4mme ja s\u00e4ilyt\u00e4mme Kun vierailet t\u00e4ll\u00e4 sivustolla, seuraamme: K\u00e4yt\u00e4mme ev\u00e4steit\u00e4 my\u00f6s jotta s\u00e4ilyt\u00e4t ostoskorin sis\u00e4ll\u00f6n kun selaat sivustoa. Kun ostat meilt\u00e4, pyyd\u00e4mme tietoja kuten nimi, laskutusosoite, toimitusosoite, s\u00e4hk\u00f6postiosoite, puhelinnumero, luottokortin tai maksamisen tiedot ja valinnaiset k\u00e4ytt\u00e4j\u00e4tilin tiedot kuten k\u00e4ytt\u00e4j\u00e4tunnus ja salasana. K\u00e4yt\u00e4mme n\u00e4it\u00e4 tietoja tarkoituksiin kuten : Jos luot [&hellip;]<\/p>\n","protected":false},"author":1,"featured_media":0,"parent":0,"menu_order":0,"comment_status":"closed","ping_status":"closed","template":"","meta":{"footnotes":""},"class_list":["post-2441","page","type-page","status-publish","hentry"],"jetpack_sharing_enabled":true,"_links":{"self":[{"href":"https:\/\/www.olohuone.fi\/index.php?rest_route=\/wp\/v2\/pages\/2441","targetHints":{"allow":["GET"]}}],"collection":[{"href":"https:\/\/www.olohuone.fi\/index.php?rest_route=\/wp\/v2\/pages"}],"about":[{"href":"https:\/\/www.olohuone.fi\/index.php?rest_route=\/wp\/v2\/types\/page"}],"author":[{"embeddable":true,"href":"https:\/\/www.olohuone.fi\/index.php?rest_route=\/wp\/v2\/users\/1"}],"replies":[{"embeddable":true,"href":"https:\/\/www.olohuone.fi\/index.php?rest_route=%2Fwp%2Fv2%2Fcomments&post=2441"}],"version-history":[{"count":4,"href":"https:\/\/www.olohuone.fi\/index.php?rest_route=\/wp\/v2\/pages\/2441\/revisions"}],"predecessor-version":[{"id":2456,"href":"https:\/\/www.olohuone.fi\/index.php?rest_route=\/wp\/v2\/pages\/2441\/revisions\/2456"}],"wp:attachment":[{"href":"https:\/\/www.olohuone.fi\/index.php?rest_route=%2Fwp%2Fv2%2Fmedia&parent=2441"}],"curies":[{"name":"wp","href":"https:\/\/api.w.org\/{rel}","templated":true}]}}