{"id":2384,"date":"2020-07-07T11:25:53","date_gmt":"2020-07-07T08:25:53","guid":{"rendered":"https:\/\/www.olohuone.fi\/?page_id=2384"},"modified":"2025-01-08T10:53:31","modified_gmt":"2025-01-08T08:53:31","slug":"etusivu-2","status":"publish","type":"page","link":"https:\/\/www.olohuone.fi\/","title":{"rendered":"Etusivu"},"content":{"rendered":"\n<div class=\"wp-block-buttons is-content-justification-center is-layout-flex wp-container-core-buttons-is-layout-a89b3969 wp-block-buttons-is-layout-flex\">\n<div class=\"wp-block-button\"><a class=\"wp-block-button__link wp-element-button\" href=\"https:\/\/www.olohuone.fi\/?page_id=2367\">L\u00e4hde ostoksille<img loading=\"lazy\" decoding=\"async\" width=\"150\" height=\"150\" class=\"wp-image-2400\" style=\"width: 150px;\" src=\"https:\/\/www.olohuone.fi\/wp-content\/uploads\/2020\/07\/cropped-ostaolohuoneestaLOGO1.png\" alt=\"\" srcset=\"https:\/\/www.olohuone.fi\/wp-content\/uploads\/2020\/07\/cropped-ostaolohuoneestaLOGO1.png 512w, https:\/\/www.olohuone.fi\/wp-content\/uploads\/2020\/07\/cropped-ostaolohuoneestaLOGO1-300x300.png 300w, https:\/\/www.olohuone.fi\/wp-content\/uploads\/2020\/07\/cropped-ostaolohuoneestaLOGO1-150x150.png 150w, https:\/\/www.olohuone.fi\/wp-content\/uploads\/2020\/07\/cropped-ostaolohuoneestaLOGO1-324x324.png 324w, https:\/\/www.olohuone.fi\/wp-content\/uploads\/2020\/07\/cropped-ostaolohuoneestaLOGO1-416x416.png 416w, https:\/\/www.olohuone.fi\/wp-content\/uploads\/2020\/07\/cropped-ostaolohuoneestaLOGO1-100x100.png 100w, https:\/\/www.olohuone.fi\/wp-content\/uploads\/2020\/07\/cropped-ostaolohuoneestaLOGO1-270x270.png 270w, https:\/\/www.olohuone.fi\/wp-content\/uploads\/2020\/07\/cropped-ostaolohuoneestaLOGO1-192x192.png 192w, https:\/\/www.olohuone.fi\/wp-content\/uploads\/2020\/07\/cropped-ostaolohuoneestaLOGO1-180x180.png 180w, https:\/\/www.olohuone.fi\/wp-content\/uploads\/2020\/07\/cropped-ostaolohuoneestaLOGO1-32x32.png 32w\" sizes=\"auto, (max-width: 150px) 100vw, 150px\" \/><\/a><\/div>\n<\/div>\n\n\n\n<h2 class=\"wp-block-heading has-text-align-center\">Uudet tuotteet<\/h2>\n\n\n<div data-block-name=\"woocommerce\/product-new\" class=\"wc-block-grid wp-block-product-new wp-block-woocommerce-product-new wc-block-product-new has-3-columns has-multiple-rows\"><ul class=\"wc-block-grid__products\"><li class=\"wc-block-grid__product\">\n\t\t\t\t<a href=\"https:\/\/www.olohuone.fi\/?product=leikkuulauta-oak-1\" class=\"wc-block-grid__product-link\">\n\t\t\t\t\t\n\t\t\t\t\t<div class=\"wc-block-grid__product-image\"><img loading=\"lazy\" decoding=\"async\" width=\"324\" height=\"324\" src=\"https:\/\/www.olohuone.fi\/wp-content\/uploads\/2025\/09\/Leikkuulauta-lautaskololla-Cadvision-3D-CAD-Solidworks-324x324.jpg\" class=\"attachment-woocommerce_thumbnail size-woocommerce_thumbnail\" alt=\"Leikkuulauta Oak-1\" srcset=\"https:\/\/www.olohuone.fi\/wp-content\/uploads\/2025\/09\/Leikkuulauta-lautaskololla-Cadvision-3D-CAD-Solidworks-324x324.jpg 324w, https:\/\/www.olohuone.fi\/wp-content\/uploads\/2025\/09\/Leikkuulauta-lautaskololla-Cadvision-3D-CAD-Solidworks-300x300.jpg 300w, https:\/\/www.olohuone.fi\/wp-content\/uploads\/2025\/09\/Leikkuulauta-lautaskololla-Cadvision-3D-CAD-Solidworks-150x150.jpg 150w, https:\/\/www.olohuone.fi\/wp-content\/uploads\/2025\/09\/Leikkuulauta-lautaskololla-Cadvision-3D-CAD-Solidworks-416x416.jpg 416w, https:\/\/www.olohuone.fi\/wp-content\/uploads\/2025\/09\/Leikkuulauta-lautaskololla-Cadvision-3D-CAD-Solidworks-100x100.jpg 100w, https:\/\/www.olohuone.fi\/wp-content\/uploads\/2025\/09\/Leikkuulauta-lautaskololla-Cadvision-3D-CAD-Solidworks.jpg 650w\" sizes=\"auto, (max-width: 324px) 100vw, 324px\" \/><\/div>\n\t\t\t\t\t<div class=\"wc-block-grid__product-title\">Leikkuulauta Oak-1<\/div>\n\t\t\t\t<\/a>\n\t\t\t\t<div class=\"wc-block-grid__product-price price\"><span class=\"woocommerce-Price-amount amount\">79,00&nbsp;<span class=\"woocommerce-Price-currencySymbol\">&euro;<\/span><\/span><\/div>\n\t\t\t\t\n\t\t\t\t<div class=\"wp-block-button wc-block-grid__product-add-to-cart\"><a href=\"https:\/\/www.olohuone.fi\/?product=leikkuulauta-oak-1\" aria-label=\"Lue lis\u00e4\u00e4 &ldquo;Leikkuulauta Oak-1&rdquo; asiasta\" data-quantity=\"1\" data-product_id=\"2533\" data-product_sku=\"221305\" data-price=\"79\" rel=\"nofollow\" class=\"wp-block-button__link  add_to_cart_button\">Lue lis\u00e4\u00e4<\/a><\/div>\n\t\t\t<\/li><li class=\"wc-block-grid__product\">\n\t\t\t\t<a href=\"https:\/\/www.olohuone.fi\/?product=tarjoilulankku\" class=\"wc-block-grid__product-link\">\n\t\t\t\t\t\n\t\t\t\t\t<div class=\"wc-block-grid__product-image\"><img loading=\"lazy\" decoding=\"async\" width=\"324\" height=\"324\" src=\"https:\/\/www.olohuone.fi\/wp-content\/uploads\/2025\/01\/tarjoilualusta-3Dcad1-324x324.jpg\" class=\"attachment-woocommerce_thumbnail size-woocommerce_thumbnail\" alt=\"320692 - Tarjoilulauta\" srcset=\"https:\/\/www.olohuone.fi\/wp-content\/uploads\/2025\/01\/tarjoilualusta-3Dcad1-324x324.jpg 324w, https:\/\/www.olohuone.fi\/wp-content\/uploads\/2025\/01\/tarjoilualusta-3Dcad1-150x150.jpg 150w, https:\/\/www.olohuone.fi\/wp-content\/uploads\/2025\/01\/tarjoilualusta-3Dcad1-100x100.jpg 100w\" sizes=\"auto, (max-width: 324px) 100vw, 324px\" \/><\/div>\n\t\t\t\t\t<div class=\"wc-block-grid__product-title\">Tarjoilulankku<\/div>\n\t\t\t\t<\/a>\n\t\t\t\t<div class=\"wc-block-grid__product-price price\"><span class=\"woocommerce-Price-amount amount\">195,00&nbsp;<span class=\"woocommerce-Price-currencySymbol\">&euro;<\/span><\/span><\/div>\n\t\t\t\t\n\t\t\t\t<div class=\"wp-block-button wc-block-grid__product-add-to-cart\"><a href=\"\/index.php?rest_route=%2Fwp%2Fv2%2Fpages%2F2384&#038;add-to-cart=2515\" aria-label=\"Lis\u00e4\u00e4 ostoskoriin: &ldquo;Tarjoilulankku&rdquo;\" data-quantity=\"1\" data-product_id=\"2515\" data-product_sku=\"1\" data-price=\"195\" rel=\"nofollow\" class=\"wp-block-button__link  add_to_cart_button ajax_add_to_cart\">Lis\u00e4\u00e4 ostoskoriin<\/a><\/div>\n\t\t\t<\/li><li class=\"wc-block-grid__product\">\n\t\t\t\t<a href=\"https:\/\/www.olohuone.fi\/?product=oak-box\" class=\"wc-block-grid__product-link\">\n\t\t\t\t\t\n\t\t\t\t\t<div class=\"wc-block-grid__product-image\"><img loading=\"lazy\" decoding=\"async\" width=\"324\" height=\"324\" src=\"https:\/\/www.olohuone.fi\/wp-content\/uploads\/2024\/12\/Cadvision-Oak-Box-3D-CAD-Solidworks-324x324.jpg\" class=\"attachment-woocommerce_thumbnail size-woocommerce_thumbnail\" alt=\"Cadvision Oak Box\" srcset=\"https:\/\/www.olohuone.fi\/wp-content\/uploads\/2024\/12\/Cadvision-Oak-Box-3D-CAD-Solidworks-324x324.jpg 324w, https:\/\/www.olohuone.fi\/wp-content\/uploads\/2024\/12\/Cadvision-Oak-Box-3D-CAD-Solidworks-300x300.jpg 300w, https:\/\/www.olohuone.fi\/wp-content\/uploads\/2024\/12\/Cadvision-Oak-Box-3D-CAD-Solidworks-150x150.jpg 150w, https:\/\/www.olohuone.fi\/wp-content\/uploads\/2024\/12\/Cadvision-Oak-Box-3D-CAD-Solidworks-768x768.jpg 768w, https:\/\/www.olohuone.fi\/wp-content\/uploads\/2024\/12\/Cadvision-Oak-Box-3D-CAD-Solidworks-416x416.jpg 416w, https:\/\/www.olohuone.fi\/wp-content\/uploads\/2024\/12\/Cadvision-Oak-Box-3D-CAD-Solidworks-100x100.jpg 100w, https:\/\/www.olohuone.fi\/wp-content\/uploads\/2024\/12\/Cadvision-Oak-Box-3D-CAD-Solidworks.jpg 800w\" sizes=\"auto, (max-width: 324px) 100vw, 324px\" \/><\/div>\n\t\t\t\t\t<div class=\"wc-block-grid__product-title\">Oak Box<\/div>\n\t\t\t\t<\/a>\n\t\t\t\t<div class=\"wc-block-grid__product-price price\"><span class=\"woocommerce-Price-amount amount\">49,00&nbsp;<span class=\"woocommerce-Price-currencySymbol\">&euro;<\/span><\/span><\/div>\n\t\t\t\t\n\t\t\t\t<div class=\"wp-block-button wc-block-grid__product-add-to-cart\"><a href=\"\/index.php?rest_route=%2Fwp%2Fv2%2Fpages%2F2384&#038;add-to-cart=2503\" aria-label=\"Lis\u00e4\u00e4 ostoskoriin: &ldquo;Oak Box&rdquo;\" data-quantity=\"1\" data-product_id=\"2503\" data-product_sku=\"221115\" data-price=\"49\" rel=\"nofollow\" class=\"wp-block-button__link  add_to_cart_button ajax_add_to_cart\">Lis\u00e4\u00e4 ostoskoriin<\/a><\/div>\n\t\t\t<\/li><li class=\"wc-block-grid__product\">\n\t\t\t\t<a href=\"https:\/\/www.olohuone.fi\/?product=solitaire-lautapeli\" class=\"wc-block-grid__product-link\">\n\t\t\t\t\t\n\t\t\t\t\t<div class=\"wc-block-grid__product-image\"><img loading=\"lazy\" decoding=\"async\" width=\"324\" height=\"324\" src=\"https:\/\/www.olohuone.fi\/wp-content\/uploads\/2024\/12\/Solitaire-lautapeli-3D-CAD-Solidworks-Cadvision-324x324.jpg\" class=\"attachment-woocommerce_thumbnail size-woocommerce_thumbnail\" alt=\"Solitaire lautapeli\" srcset=\"https:\/\/www.olohuone.fi\/wp-content\/uploads\/2024\/12\/Solitaire-lautapeli-3D-CAD-Solidworks-Cadvision-324x324.jpg 324w, https:\/\/www.olohuone.fi\/wp-content\/uploads\/2024\/12\/Solitaire-lautapeli-3D-CAD-Solidworks-Cadvision-300x300.jpg 300w, https:\/\/www.olohuone.fi\/wp-content\/uploads\/2024\/12\/Solitaire-lautapeli-3D-CAD-Solidworks-Cadvision-150x150.jpg 150w, https:\/\/www.olohuone.fi\/wp-content\/uploads\/2024\/12\/Solitaire-lautapeli-3D-CAD-Solidworks-Cadvision-768x768.jpg 768w, https:\/\/www.olohuone.fi\/wp-content\/uploads\/2024\/12\/Solitaire-lautapeli-3D-CAD-Solidworks-Cadvision-416x416.jpg 416w, https:\/\/www.olohuone.fi\/wp-content\/uploads\/2024\/12\/Solitaire-lautapeli-3D-CAD-Solidworks-Cadvision-100x100.jpg 100w, https:\/\/www.olohuone.fi\/wp-content\/uploads\/2024\/12\/Solitaire-lautapeli-3D-CAD-Solidworks-Cadvision.jpg 800w\" sizes=\"auto, (max-width: 324px) 100vw, 324px\" \/><\/div>\n\t\t\t\t\t<div class=\"wc-block-grid__product-title\">Solitaire lautapeli<\/div>\n\t\t\t\t<\/a>\n\t\t\t\t<div class=\"wc-block-grid__product-price price\"><span class=\"woocommerce-Price-amount amount\">28,00&nbsp;<span class=\"woocommerce-Price-currencySymbol\">&euro;<\/span><\/span><\/div>\n\t\t\t\t\n\t\t\t\t<div class=\"wp-block-button wc-block-grid__product-add-to-cart\"><a href=\"\/index.php?rest_route=%2Fwp%2Fv2%2Fpages%2F2384&#038;add-to-cart=2496\" aria-label=\"Lis\u00e4\u00e4 ostoskoriin: &ldquo;Solitaire lautapeli&rdquo;\" data-quantity=\"1\" data-product_id=\"2496\" data-product_sku=\"221100\" data-price=\"28\" rel=\"nofollow\" class=\"wp-block-button__link  add_to_cart_button ajax_add_to_cart\">Lis\u00e4\u00e4 ostoskoriin<\/a><\/div>\n\t\t\t<\/li><li class=\"wc-block-grid__product\">\n\t\t\t\t<a href=\"https:\/\/www.olohuone.fi\/?product=whiskysmoker\" class=\"wc-block-grid__product-link\">\n\t\t\t\t\t\n\t\t\t\t\t<div class=\"wc-block-grid__product-image\"><img loading=\"lazy\" decoding=\"async\" width=\"324\" height=\"324\" src=\"https:\/\/www.olohuone.fi\/wp-content\/uploads\/2024\/12\/Cadvision-Whisky-Smoker-Viskisavustin-cocktailsavustin-juomasavustin-cad1-324x324.jpg\" class=\"attachment-woocommerce_thumbnail size-woocommerce_thumbnail\" alt=\"WhiskySmoker\" srcset=\"https:\/\/www.olohuone.fi\/wp-content\/uploads\/2024\/12\/Cadvision-Whisky-Smoker-Viskisavustin-cocktailsavustin-juomasavustin-cad1-324x324.jpg 324w, https:\/\/www.olohuone.fi\/wp-content\/uploads\/2024\/12\/Cadvision-Whisky-Smoker-Viskisavustin-cocktailsavustin-juomasavustin-cad1-300x300.jpg 300w, https:\/\/www.olohuone.fi\/wp-content\/uploads\/2024\/12\/Cadvision-Whisky-Smoker-Viskisavustin-cocktailsavustin-juomasavustin-cad1-150x150.jpg 150w, https:\/\/www.olohuone.fi\/wp-content\/uploads\/2024\/12\/Cadvision-Whisky-Smoker-Viskisavustin-cocktailsavustin-juomasavustin-cad1-768x768.jpg 768w, https:\/\/www.olohuone.fi\/wp-content\/uploads\/2024\/12\/Cadvision-Whisky-Smoker-Viskisavustin-cocktailsavustin-juomasavustin-cad1-416x416.jpg 416w, https:\/\/www.olohuone.fi\/wp-content\/uploads\/2024\/12\/Cadvision-Whisky-Smoker-Viskisavustin-cocktailsavustin-juomasavustin-cad1-100x100.jpg 100w, https:\/\/www.olohuone.fi\/wp-content\/uploads\/2024\/12\/Cadvision-Whisky-Smoker-Viskisavustin-cocktailsavustin-juomasavustin-cad1.jpg 800w\" sizes=\"auto, (max-width: 324px) 100vw, 324px\" \/><\/div>\n\t\t\t\t\t<div class=\"wc-block-grid__product-title\">WhiskySmoker<\/div>\n\t\t\t\t<\/a>\n\t\t\t\t<div class=\"wc-block-grid__product-price price\"><span class=\"woocommerce-Price-amount amount\">44,00&nbsp;<span class=\"woocommerce-Price-currencySymbol\">&euro;<\/span><\/span><\/div>\n\t\t\t\t\n\t\t\t\t<div class=\"wp-block-button wc-block-grid__product-add-to-cart\"><a href=\"\/index.php?rest_route=%2Fwp%2Fv2%2Fpages%2F2384&#038;add-to-cart=2490\" aria-label=\"Lis\u00e4\u00e4 ostoskoriin: &ldquo;WhiskySmoker&rdquo;\" data-quantity=\"1\" data-product_id=\"2490\" data-product_sku=\"221044\" data-price=\"44\" rel=\"nofollow\" class=\"wp-block-button__link  add_to_cart_button ajax_add_to_cart\">Lis\u00e4\u00e4 ostoskoriin<\/a><\/div>\n\t\t\t<\/li><li class=\"wc-block-grid__product\">\n\t\t\t\t<a href=\"https:\/\/www.olohuone.fi\/?product=valmet-lammityslaitteen-kotelo-stl-tiedostot\" class=\"wc-block-grid__product-link\">\n\t\t\t\t\t\n\t\t\t\t\t<div class=\"wc-block-grid__product-image\"><img loading=\"lazy\" decoding=\"async\" width=\"324\" height=\"324\" src=\"https:\/\/www.olohuone.fi\/wp-content\/uploads\/2024\/09\/02414-Valmet-Lammityslaitteen-kotelo-kokoonpano-324x324.jpg\" class=\"attachment-woocommerce_thumbnail size-woocommerce_thumbnail\" alt=\"Valmet L\u00e4mmityslaitteen kotelo - STL-tiedostot\" srcset=\"https:\/\/www.olohuone.fi\/wp-content\/uploads\/2024\/09\/02414-Valmet-Lammityslaitteen-kotelo-kokoonpano-324x324.jpg 324w, https:\/\/www.olohuone.fi\/wp-content\/uploads\/2024\/09\/02414-Valmet-Lammityslaitteen-kotelo-kokoonpano-300x300.jpg 300w, https:\/\/www.olohuone.fi\/wp-content\/uploads\/2024\/09\/02414-Valmet-Lammityslaitteen-kotelo-kokoonpano-150x150.jpg 150w, https:\/\/www.olohuone.fi\/wp-content\/uploads\/2024\/09\/02414-Valmet-Lammityslaitteen-kotelo-kokoonpano-768x768.jpg 768w, https:\/\/www.olohuone.fi\/wp-content\/uploads\/2024\/09\/02414-Valmet-Lammityslaitteen-kotelo-kokoonpano-416x416.jpg 416w, https:\/\/www.olohuone.fi\/wp-content\/uploads\/2024\/09\/02414-Valmet-Lammityslaitteen-kotelo-kokoonpano-100x100.jpg 100w, https:\/\/www.olohuone.fi\/wp-content\/uploads\/2024\/09\/02414-Valmet-Lammityslaitteen-kotelo-kokoonpano.jpg 800w\" sizes=\"auto, (max-width: 324px) 100vw, 324px\" \/><\/div>\n\t\t\t\t\t<div class=\"wc-block-grid__product-title\">Valmet L\u00e4mmityslaitteen kotelo &#8211; STL-tiedostot<\/div>\n\t\t\t\t<\/a>\n\t\t\t\t<div class=\"wc-block-grid__product-price price\"><span class=\"woocommerce-Price-amount amount\">15,00&nbsp;<span class=\"woocommerce-Price-currencySymbol\">&euro;<\/span><\/span><\/div>\n\t\t\t\t\n\t\t\t\t<div class=\"wp-block-button wc-block-grid__product-add-to-cart\"><a href=\"\/index.php?rest_route=%2Fwp%2Fv2%2Fpages%2F2384&#038;add-to-cart=2476\" aria-label=\"Lis\u00e4\u00e4 ostoskoriin: &ldquo;Valmet L\u00e4mmityslaitteen kotelo - STL-tiedostot&rdquo;\" data-quantity=\"1\" data-product_id=\"2476\" data-product_sku=\"02414\" data-price=\"15\" rel=\"nofollow\" class=\"wp-block-button__link  add_to_cart_button ajax_add_to_cart\">Lis\u00e4\u00e4 ostoskoriin<\/a><\/div>\n\t\t\t<\/li><li class=\"wc-block-grid__product\">\n\t\t\t\t<a href=\"https:\/\/www.olohuone.fi\/?product=cadvision-seinalokerikkojarjestelma-tyokuvat\" class=\"wc-block-grid__product-link\">\n\t\t\t\t\t\n\t\t\t\t\t<div class=\"wc-block-grid__product-image\"><img loading=\"lazy\" decoding=\"async\" width=\"324\" height=\"324\" src=\"https:\/\/www.olohuone.fi\/wp-content\/uploads\/2024\/06\/Cadvision-seinateline-3D-CAD-324x324.jpg\" class=\"attachment-woocommerce_thumbnail size-woocommerce_thumbnail\" alt=\"Cadvision sein\u00e4teline lokerikko s\u00e4ilytysj\u00e4rjestelm\u00e4\" srcset=\"https:\/\/www.olohuone.fi\/wp-content\/uploads\/2024\/06\/Cadvision-seinateline-3D-CAD-324x324.jpg 324w, https:\/\/www.olohuone.fi\/wp-content\/uploads\/2024\/06\/Cadvision-seinateline-3D-CAD-300x300.jpg 300w, https:\/\/www.olohuone.fi\/wp-content\/uploads\/2024\/06\/Cadvision-seinateline-3D-CAD-150x150.jpg 150w, https:\/\/www.olohuone.fi\/wp-content\/uploads\/2024\/06\/Cadvision-seinateline-3D-CAD-768x768.jpg 768w, https:\/\/www.olohuone.fi\/wp-content\/uploads\/2024\/06\/Cadvision-seinateline-3D-CAD-416x416.jpg 416w, https:\/\/www.olohuone.fi\/wp-content\/uploads\/2024\/06\/Cadvision-seinateline-3D-CAD-100x100.jpg 100w, https:\/\/www.olohuone.fi\/wp-content\/uploads\/2024\/06\/Cadvision-seinateline-3D-CAD.jpg 800w\" sizes=\"auto, (max-width: 324px) 100vw, 324px\" \/><\/div>\n\t\t\t\t\t<div class=\"wc-block-grid__product-title\">Cadvision sein\u00e4lokerikkoj\u00e4rjestelm\u00e4 &#8211; Ty\u00f6kuvat PDF- ja DXF-tiedostot<\/div>\n\t\t\t\t<\/a>\n\t\t\t\t<div class=\"wc-block-grid__product-price price\"><span class=\"woocommerce-Price-amount amount\">9,90&nbsp;<span class=\"woocommerce-Price-currencySymbol\">&euro;<\/span><\/span><\/div>\n\t\t\t\t\n\t\t\t\t<div class=\"wp-block-button wc-block-grid__product-add-to-cart\"><a href=\"\/index.php?rest_route=%2Fwp%2Fv2%2Fpages%2F2384&#038;add-to-cart=2461\" aria-label=\"Lis\u00e4\u00e4 ostoskoriin: &ldquo;Cadvision sein\u00e4lokerikkoj\u00e4rjestelm\u00e4 - Ty\u00f6kuvat PDF- ja DXF-tiedostot&rdquo;\" data-quantity=\"1\" data-product_id=\"2461\" data-product_sku=\"DRW003253\" data-price=\"9.9\" rel=\"nofollow\" class=\"wp-block-button__link  add_to_cart_button ajax_add_to_cart\">Lis\u00e4\u00e4 ostoskoriin<\/a><\/div>\n\t\t\t<\/li><li class=\"wc-block-grid__product\">\n\t\t\t\t<a href=\"https:\/\/www.olohuone.fi\/?product=karsa-magneettikiinnike\" class=\"wc-block-grid__product-link\">\n\t\t\t\t\t\n\t\t\t\t\t<div class=\"wc-block-grid__product-image\"><img loading=\"lazy\" decoding=\"async\" width=\"324\" height=\"324\" src=\"https:\/\/www.olohuone.fi\/wp-content\/uploads\/2024\/02\/Karsa-magneettikiinnike-3D-2-BL-324x324.jpg\" class=\"attachment-woocommerce_thumbnail size-woocommerce_thumbnail\" alt=\"K\u00e4rs\u00e4 magneettikiinnike\" srcset=\"https:\/\/www.olohuone.fi\/wp-content\/uploads\/2024\/02\/Karsa-magneettikiinnike-3D-2-BL-324x324.jpg 324w, https:\/\/www.olohuone.fi\/wp-content\/uploads\/2024\/02\/Karsa-magneettikiinnike-3D-2-BL-300x300.jpg 300w, https:\/\/www.olohuone.fi\/wp-content\/uploads\/2024\/02\/Karsa-magneettikiinnike-3D-2-BL-150x150.jpg 150w, https:\/\/www.olohuone.fi\/wp-content\/uploads\/2024\/02\/Karsa-magneettikiinnike-3D-2-BL-768x768.jpg 768w, https:\/\/www.olohuone.fi\/wp-content\/uploads\/2024\/02\/Karsa-magneettikiinnike-3D-2-BL-416x416.jpg 416w, https:\/\/www.olohuone.fi\/wp-content\/uploads\/2024\/02\/Karsa-magneettikiinnike-3D-2-BL-100x100.jpg 100w, https:\/\/www.olohuone.fi\/wp-content\/uploads\/2024\/02\/Karsa-magneettikiinnike-3D-2-BL.jpg 800w\" sizes=\"auto, (max-width: 324px) 100vw, 324px\" \/><\/div>\n\t\t\t\t\t<div class=\"wc-block-grid__product-title\">K\u00e4rs\u00e4-magneettikiinnike<\/div>\n\t\t\t\t<\/a>\n\t\t\t\t<div class=\"wc-block-grid__product-price price\"><span class=\"woocommerce-Price-amount amount\">29,00&nbsp;<span class=\"woocommerce-Price-currencySymbol\">&euro;<\/span><\/span><\/div>\n\t\t\t\t\n\t\t\t\t<div class=\"wp-block-button wc-block-grid__product-add-to-cart\"><a href=\"https:\/\/www.olohuone.fi\/?product=karsa-magneettikiinnike\" aria-label=\"Lis\u00e4\u00e4 ostoskoriin: &ldquo;K\u00e4rs\u00e4-magneettikiinnike&rdquo;\" data-quantity=\"1\" data-product_id=\"2436\" data-product_sku=\"\" data-price=\"29\" rel=\"nofollow\" class=\"wp-block-button__link  add_to_cart_button\">Lis\u00e4\u00e4 ostoskoriin<\/a><\/div>\n\t\t\t<\/li><li class=\"wc-block-grid__product\">\n\t\t\t\t<a href=\"https:\/\/www.olohuone.fi\/?product=crokinole\" class=\"wc-block-grid__product-link\">\n\t\t\t\t\t\n\t\t\t\t\t<div class=\"wc-block-grid__product-image\"><img loading=\"lazy\" decoding=\"async\" width=\"324\" height=\"324\" src=\"https:\/\/www.olohuone.fi\/wp-content\/uploads\/2024\/02\/Crokinole-3D-1-324x324.jpg\" class=\"attachment-woocommerce_thumbnail size-woocommerce_thumbnail\" alt=\"Ccrokinole pelilauta\" srcset=\"https:\/\/www.olohuone.fi\/wp-content\/uploads\/2024\/02\/Crokinole-3D-1-324x324.jpg 324w, https:\/\/www.olohuone.fi\/wp-content\/uploads\/2024\/02\/Crokinole-3D-1-300x300.jpg 300w, https:\/\/www.olohuone.fi\/wp-content\/uploads\/2024\/02\/Crokinole-3D-1-150x150.jpg 150w, https:\/\/www.olohuone.fi\/wp-content\/uploads\/2024\/02\/Crokinole-3D-1-768x768.jpg 768w, https:\/\/www.olohuone.fi\/wp-content\/uploads\/2024\/02\/Crokinole-3D-1-416x416.jpg 416w, https:\/\/www.olohuone.fi\/wp-content\/uploads\/2024\/02\/Crokinole-3D-1-100x100.jpg 100w, https:\/\/www.olohuone.fi\/wp-content\/uploads\/2024\/02\/Crokinole-3D-1.jpg 800w\" sizes=\"auto, (max-width: 324px) 100vw, 324px\" \/><\/div>\n\t\t\t\t\t<div class=\"wc-block-grid__product-title\">Crokinole<\/div>\n\t\t\t\t<\/a>\n\t\t\t\t<div class=\"wc-block-grid__product-price price\"><span class=\"woocommerce-Price-amount amount\">269,00&nbsp;<span class=\"woocommerce-Price-currencySymbol\">&euro;<\/span><\/span><\/div>\n\t\t\t\t\n\t\t\t\t<div class=\"wp-block-button wc-block-grid__product-add-to-cart\"><a href=\"\/index.php?rest_route=%2Fwp%2Fv2%2Fpages%2F2384&#038;add-to-cart=2433\" aria-label=\"Lis\u00e4\u00e4 ostoskoriin: &ldquo;Crokinole&rdquo;\" data-quantity=\"1\" data-product_id=\"2433\" data-product_sku=\"\" data-price=\"269\" rel=\"nofollow\" class=\"wp-block-button__link  add_to_cart_button ajax_add_to_cart\">Lis\u00e4\u00e4 ostoskoriin<\/a><\/div>\n\t\t\t<\/li><\/ul><\/div>\n\n\n\n\n<p>Selaa lis\u00e4\u00e4 tuotteita <a href=\"https:\/\/www.olohuone.fi\/?page_id=2367\" data-type=\"page\" data-id=\"2367\">kaupasta<\/a>.<\/p>\n","protected":false},"excerpt":{"rendered":"<p>Uudet tuotteet Selaa lis\u00e4\u00e4 tuotteita kaupasta.<\/p>\n","protected":false},"author":1,"featured_media":0,"parent":0,"menu_order":0,"comment_status":"closed","ping_status":"closed","template":"template-fullwidth.php","meta":{"footnotes":""},"class_list":["post-2384","page","type-page","status-publish","hentry"],"jetpack_sharing_enabled":true,"_links":{"self":[{"href":"https:\/\/www.olohuone.fi\/index.php?rest_route=\/wp\/v2\/pages\/2384","targetHints":{"allow":["GET"]}}],"collection":[{"href":"https:\/\/www.olohuone.fi\/index.php?rest_route=\/wp\/v2\/pages"}],"about":[{"href":"https:\/\/www.olohuone.fi\/index.php?rest_route=\/wp\/v2\/types\/page"}],"author":[{"embeddable":true,"href":"https:\/\/www.olohuone.fi\/index.php?rest_route=\/wp\/v2\/users\/1"}],"replies":[{"embeddable":true,"href":"https:\/\/www.olohuone.fi\/index.php?rest_route=%2Fwp%2Fv2%2Fcomments&post=2384"}],"version-history":[{"count":9,"href":"https:\/\/www.olohuone.fi\/index.php?rest_route=\/wp\/v2\/pages\/2384\/revisions"}],"predecessor-version":[{"id":2524,"href":"https:\/\/www.olohuone.fi\/index.php?rest_route=\/wp\/v2\/pages\/2384\/revisions\/2524"}],"wp:attachment":[{"href":"https:\/\/www.olohuone.fi\/index.php?rest_route=%2Fwp%2Fv2%2Fmedia&parent=2384"}],"curies":[{"name":"wp","href":"https:\/\/api.w.org\/{rel}","templated":true}]}}