{"id":2348,"date":"2020-03-04T17:16:15","date_gmt":"2020-03-04T15:16:15","guid":{"rendered":"https:\/\/www.olohuone.fi\/?page_id=2348"},"modified":"2020-07-08T12:42:02","modified_gmt":"2020-07-08T09:42:02","slug":"porkkanat-jauhelihasta","status":"publish","type":"page","link":"https:\/\/www.olohuone.fi\/?page_id=2348","title":{"rendered":"Porkkanat jauhelihasta"},"content":{"rendered":"\n<p>T\u00e4m\u00e4 respeti kuuluu osastoon &#8221;lihannekset&#8221;.<\/p>\n\n\n\n<p>Ainekset:<br>Possun jauheliha 0,5 kg<br>Tilli\u00e4<br>Punaista chilipastaa<br>Caribbean Hot Sauce (Poppamies)<br>Kurkumajauhe<br>Paprikajauhe<br>Oliivi\u00f6ljy<\/p>\n\n\n\n<figure class=\"wp-block-gallery columns-3 is-cropped wp-block-gallery-1 is-layout-flex wp-block-gallery-is-layout-flex\"><ul class=\"blocks-gallery-grid\"><li class=\"blocks-gallery-item\"><figure><img loading=\"lazy\" decoding=\"async\" width=\"800\" height=\"600\" src=\"https:\/\/www.olohuone.fi\/wp-content\/uploads\/2020\/03\/Cadvision-Oaksmoke-olohuone-fi-00001.jpg\" alt=\"\" data-id=\"2349\" data-full-url=\"https:\/\/www.olohuone.fi\/wp-content\/uploads\/2020\/03\/Cadvision-Oaksmoke-olohuone-fi-00001.jpg\" data-link=\"https:\/\/www.olohuone.fi\/?attachment_id=2349\" class=\"wp-image-2349\" srcset=\"https:\/\/www.olohuone.fi\/wp-content\/uploads\/2020\/03\/Cadvision-Oaksmoke-olohuone-fi-00001.jpg 800w, https:\/\/www.olohuone.fi\/wp-content\/uploads\/2020\/03\/Cadvision-Oaksmoke-olohuone-fi-00001-416x312.jpg 416w, https:\/\/www.olohuone.fi\/wp-content\/uploads\/2020\/03\/Cadvision-Oaksmoke-olohuone-fi-00001-300x225.jpg 300w, https:\/\/www.olohuone.fi\/wp-content\/uploads\/2020\/03\/Cadvision-Oaksmoke-olohuone-fi-00001-768x576.jpg 768w\" sizes=\"auto, (max-width: 800px) 100vw, 800px\" \/><\/figure><\/li><li class=\"blocks-gallery-item\"><figure><img loading=\"lazy\" decoding=\"async\" width=\"800\" height=\"600\" src=\"https:\/\/www.olohuone.fi\/wp-content\/uploads\/2020\/03\/Cadvision-Oaksmoke-olohuone-fi-00002.jpg\" alt=\"\" data-id=\"2350\" data-full-url=\"https:\/\/www.olohuone.fi\/wp-content\/uploads\/2020\/03\/Cadvision-Oaksmoke-olohuone-fi-00002.jpg\" data-link=\"https:\/\/www.olohuone.fi\/?attachment_id=2350\" class=\"wp-image-2350\" srcset=\"https:\/\/www.olohuone.fi\/wp-content\/uploads\/2020\/03\/Cadvision-Oaksmoke-olohuone-fi-00002.jpg 800w, https:\/\/www.olohuone.fi\/wp-content\/uploads\/2020\/03\/Cadvision-Oaksmoke-olohuone-fi-00002-416x312.jpg 416w, https:\/\/www.olohuone.fi\/wp-content\/uploads\/2020\/03\/Cadvision-Oaksmoke-olohuone-fi-00002-300x225.jpg 300w, https:\/\/www.olohuone.fi\/wp-content\/uploads\/2020\/03\/Cadvision-Oaksmoke-olohuone-fi-00002-768x576.jpg 768w\" sizes=\"auto, (max-width: 800px) 100vw, 800px\" \/><\/figure><\/li><li class=\"blocks-gallery-item\"><figure><img loading=\"lazy\" decoding=\"async\" width=\"800\" height=\"600\" src=\"https:\/\/www.olohuone.fi\/wp-content\/uploads\/2020\/03\/Cadvision-Oaksmoke-olohuone-fi-00004.jpg\" alt=\"\" data-id=\"2351\" data-full-url=\"https:\/\/www.olohuone.fi\/wp-content\/uploads\/2020\/03\/Cadvision-Oaksmoke-olohuone-fi-00004.jpg\" data-link=\"https:\/\/www.olohuone.fi\/?attachment_id=2351\" class=\"wp-image-2351\" srcset=\"https:\/\/www.olohuone.fi\/wp-content\/uploads\/2020\/03\/Cadvision-Oaksmoke-olohuone-fi-00004.jpg 800w, https:\/\/www.olohuone.fi\/wp-content\/uploads\/2020\/03\/Cadvision-Oaksmoke-olohuone-fi-00004-416x312.jpg 416w, https:\/\/www.olohuone.fi\/wp-content\/uploads\/2020\/03\/Cadvision-Oaksmoke-olohuone-fi-00004-300x225.jpg 300w, https:\/\/www.olohuone.fi\/wp-content\/uploads\/2020\/03\/Cadvision-Oaksmoke-olohuone-fi-00004-768x576.jpg 768w\" sizes=\"auto, (max-width: 800px) 100vw, 800px\" \/><\/figure><\/li><li class=\"blocks-gallery-item\"><figure><img loading=\"lazy\" decoding=\"async\" width=\"800\" height=\"600\" src=\"https:\/\/www.olohuone.fi\/wp-content\/uploads\/2020\/03\/Cadvision-Oaksmoke-olohuone-fi-00005.jpg\" alt=\"\" data-id=\"2352\" data-full-url=\"https:\/\/www.olohuone.fi\/wp-content\/uploads\/2020\/03\/Cadvision-Oaksmoke-olohuone-fi-00005.jpg\" data-link=\"https:\/\/www.olohuone.fi\/?attachment_id=2352\" class=\"wp-image-2352\" srcset=\"https:\/\/www.olohuone.fi\/wp-content\/uploads\/2020\/03\/Cadvision-Oaksmoke-olohuone-fi-00005.jpg 800w, https:\/\/www.olohuone.fi\/wp-content\/uploads\/2020\/03\/Cadvision-Oaksmoke-olohuone-fi-00005-416x312.jpg 416w, https:\/\/www.olohuone.fi\/wp-content\/uploads\/2020\/03\/Cadvision-Oaksmoke-olohuone-fi-00005-300x225.jpg 300w, https:\/\/www.olohuone.fi\/wp-content\/uploads\/2020\/03\/Cadvision-Oaksmoke-olohuone-fi-00005-768x576.jpg 768w\" sizes=\"auto, (max-width: 800px) 100vw, 800px\" \/><\/figure><\/li><li class=\"blocks-gallery-item\"><figure><img loading=\"lazy\" decoding=\"async\" width=\"800\" height=\"600\" src=\"https:\/\/www.olohuone.fi\/wp-content\/uploads\/2020\/03\/Cadvision-Oaksmoke-olohuone-fi-00006.jpg\" alt=\"\" data-id=\"2353\" data-full-url=\"https:\/\/www.olohuone.fi\/wp-content\/uploads\/2020\/03\/Cadvision-Oaksmoke-olohuone-fi-00006.jpg\" data-link=\"https:\/\/www.olohuone.fi\/?attachment_id=2353\" class=\"wp-image-2353\" srcset=\"https:\/\/www.olohuone.fi\/wp-content\/uploads\/2020\/03\/Cadvision-Oaksmoke-olohuone-fi-00006.jpg 800w, https:\/\/www.olohuone.fi\/wp-content\/uploads\/2020\/03\/Cadvision-Oaksmoke-olohuone-fi-00006-416x312.jpg 416w, https:\/\/www.olohuone.fi\/wp-content\/uploads\/2020\/03\/Cadvision-Oaksmoke-olohuone-fi-00006-300x225.jpg 300w, https:\/\/www.olohuone.fi\/wp-content\/uploads\/2020\/03\/Cadvision-Oaksmoke-olohuone-fi-00006-768x576.jpg 768w\" sizes=\"auto, (max-width: 800px) 100vw, 800px\" \/><\/figure><\/li><li class=\"blocks-gallery-item\"><figure><img loading=\"lazy\" decoding=\"async\" width=\"800\" height=\"600\" src=\"https:\/\/www.olohuone.fi\/wp-content\/uploads\/2020\/03\/Cadvision-Oaksmoke-olohuone-fi-00007.jpg\" alt=\"\" data-id=\"2354\" data-full-url=\"https:\/\/www.olohuone.fi\/wp-content\/uploads\/2020\/03\/Cadvision-Oaksmoke-olohuone-fi-00007.jpg\" data-link=\"https:\/\/www.olohuone.fi\/?attachment_id=2354\" class=\"wp-image-2354\" srcset=\"https:\/\/www.olohuone.fi\/wp-content\/uploads\/2020\/03\/Cadvision-Oaksmoke-olohuone-fi-00007.jpg 800w, https:\/\/www.olohuone.fi\/wp-content\/uploads\/2020\/03\/Cadvision-Oaksmoke-olohuone-fi-00007-416x312.jpg 416w, https:\/\/www.olohuone.fi\/wp-content\/uploads\/2020\/03\/Cadvision-Oaksmoke-olohuone-fi-00007-300x225.jpg 300w, https:\/\/www.olohuone.fi\/wp-content\/uploads\/2020\/03\/Cadvision-Oaksmoke-olohuone-fi-00007-768x576.jpg 768w\" sizes=\"auto, (max-width: 800px) 100vw, 800px\" \/><\/figure><\/li><li class=\"blocks-gallery-item\"><figure><img loading=\"lazy\" decoding=\"async\" width=\"800\" height=\"600\" src=\"https:\/\/www.olohuone.fi\/wp-content\/uploads\/2020\/03\/Cadvision-Oaksmoke-olohuone-fi-00008.jpg\" alt=\"\" data-id=\"2355\" data-full-url=\"https:\/\/www.olohuone.fi\/wp-content\/uploads\/2020\/03\/Cadvision-Oaksmoke-olohuone-fi-00008.jpg\" data-link=\"https:\/\/www.olohuone.fi\/?attachment_id=2355\" class=\"wp-image-2355\" srcset=\"https:\/\/www.olohuone.fi\/wp-content\/uploads\/2020\/03\/Cadvision-Oaksmoke-olohuone-fi-00008.jpg 800w, https:\/\/www.olohuone.fi\/wp-content\/uploads\/2020\/03\/Cadvision-Oaksmoke-olohuone-fi-00008-416x312.jpg 416w, https:\/\/www.olohuone.fi\/wp-content\/uploads\/2020\/03\/Cadvision-Oaksmoke-olohuone-fi-00008-300x225.jpg 300w, https:\/\/www.olohuone.fi\/wp-content\/uploads\/2020\/03\/Cadvision-Oaksmoke-olohuone-fi-00008-768x576.jpg 768w\" sizes=\"auto, (max-width: 800px) 100vw, 800px\" \/><\/figure><\/li><\/ul><\/figure>\n","protected":false},"excerpt":{"rendered":"<p>T\u00e4m\u00e4 respeti kuuluu osastoon &#8221;lihannekset&#8221;. Ainekset:Possun jauheliha 0,5 kgTilli\u00e4Punaista chilipastaaCaribbean Hot Sauce (Poppamies)KurkumajauhePaprikajauheOliivi\u00f6ljy<\/p>\n","protected":false},"author":1,"featured_media":2355,"parent":1818,"menu_order":0,"comment_status":"closed","ping_status":"closed","template":"","meta":{"footnotes":""},"class_list":["post-2348","page","type-page","status-publish","has-post-thumbnail","hentry"],"jetpack_sharing_enabled":true,"_links":{"self":[{"href":"https:\/\/www.olohuone.fi\/index.php?rest_route=\/wp\/v2\/pages\/2348","targetHints":{"allow":["GET"]}}],"collection":[{"href":"https:\/\/www.olohuone.fi\/index.php?rest_route=\/wp\/v2\/pages"}],"about":[{"href":"https:\/\/www.olohuone.fi\/index.php?rest_route=\/wp\/v2\/types\/page"}],"author":[{"embeddable":true,"href":"https:\/\/www.olohuone.fi\/index.php?rest_route=\/wp\/v2\/users\/1"}],"replies":[{"embeddable":true,"href":"https:\/\/www.olohuone.fi\/index.php?rest_route=%2Fwp%2Fv2%2Fcomments&post=2348"}],"version-history":[{"count":3,"href":"https:\/\/www.olohuone.fi\/index.php?rest_route=\/wp\/v2\/pages\/2348\/revisions"}],"predecessor-version":[{"id":2398,"href":"https:\/\/www.olohuone.fi\/index.php?rest_route=\/wp\/v2\/pages\/2348\/revisions\/2398"}],"up":[{"embeddable":true,"href":"https:\/\/www.olohuone.fi\/index.php?rest_route=\/wp\/v2\/pages\/1818"}],"wp:featuredmedia":[{"embeddable":true,"href":"https:\/\/www.olohuone.fi\/index.php?rest_route=\/wp\/v2\/media\/2355"}],"wp:attachment":[{"href":"https:\/\/www.olohuone.fi\/index.php?rest_route=%2Fwp%2Fv2%2Fmedia&parent=2348"}],"curies":[{"name":"wp","href":"https:\/\/api.w.org\/{rel}","templated":true}]}}