{"id":2232,"date":"2019-04-13T11:31:22","date_gmt":"2019-04-13T08:31:22","guid":{"rendered":"http:\/\/www.olohuone.fi\/?page_id=2232"},"modified":"2020-11-02T15:25:33","modified_gmt":"2020-11-02T13:25:33","slug":"tulinen-unkarilainen-gulassi","status":"publish","type":"page","link":"https:\/\/www.olohuone.fi\/?page_id=2232","title":{"rendered":"Tulinen pulled pork &#8211; chili gulassi"},"content":{"rendered":"\n<p>Raaka-aineet ja tarvikkeet:<\/p>\n\n\n\n<ul class=\"wp-block-list\"><li>Porsaan lapa 2-4 kg<\/li><li>Paprika 5-6 kpl <\/li><li>Grillattu paprika 1 tlk. \/ n. 250 gr. <\/li><li>Luumutomaatteja  400 gr. <\/li><li>Punasipuli 2 kpl<\/li><li>Tuore chili 2-6 kpl (perus punaista chili\u00e4 tai oman maun mukaan. Trepadeira W. + Red Savina kokeilemisen arvoinen)<\/li><li>Tuore meirami, oregano tai korianteri<\/li><li>Punaviinietikka 4 rkl. <\/li><li>Savupaprikajauhe 2 rkl. <\/li><li>Kuminajauhe 2 tl. <\/li><li>Merisuola<\/li><li>Mustapippuri<\/li><li>Oliivi\u00f6ljy<\/li><\/ul>\n\n\n\n<p>Lisukkeet:<\/p>\n\n\n\n<ul class=\"wp-block-list\"><li>Pitk\u00e4jyv\u00e4inen riisi 2 dl (<strong>VHH:<\/strong> korvaa riisi esim. <a rel=\"noreferrer noopener\" aria-label=\"kukkakaalimuusilla (avautuu uudessa v\u00e4lilehdess\u00e4)\" href=\"http:\/\/www.olohuone.fi\/?page_id=2119\" target=\"_blank\">kukkakaalimuusilla<\/a>.)<\/li><li>Smetana 1 prk.<\/li><li>Tuore sitruunan kuori 1 kpl<\/li><li>Tuore persilja 1 nippu<\/li><\/ul>\n\n\n\n<p><strong>Valmistus:<\/strong><br>(Lihan savustamisvaihe ei ole v\u00e4ltt\u00e4m\u00e4t\u00f6n, mutta jos omistat <a href=\"http:\/\/www.oaksmoke.fi\" target=\"_blank\" rel=\"noreferrer noopener\" aria-label=\"smokerin (avautuu uudessa v\u00e4lilehdess\u00e4)\">smokerin<\/a> niin se kannattaa)<\/p>\n\n\n\n<p>Poista lihasta nahka ja halutessasi my\u00f6s luu. <br><br><strong>Mik\u00e4li lapa ei ole valmiiksi suolattu<\/strong> (suolalapa), niin valmista noin 6 % suolaliuosta lihan koon mukainen m\u00e4\u00e4r\u00e4: 100 ml \/ 1 kg lihaa, eli esim. 2,5 kg lihaa kohti 235 ml vett\u00e4 ja 15 grammaa suolaa = 250 g 6% suolaliuosta. (<a href=\"http:\/\/www.olohuone.fi\/?page_id=1721\">suolalaskuri<\/a>)<br><br>Ruiskusuolaa sianniska suolaliuoksella.<\/p>\n\n\n\n<div class=\"wp-block-image\"><figure class=\"alignright\"><a href=\"http:\/\/www.olohuone.fi\/?attachment_id=839\"><img loading=\"lazy\" decoding=\"async\" width=\"300\" height=\"169\" src=\"http:\/\/www.olohuone.fi\/wp-content\/uploads\/2018\/07\/smokebeg10-ekaproto-300x169.jpg\" alt=\"\" class=\"wp-image-839\" srcset=\"https:\/\/www.olohuone.fi\/wp-content\/uploads\/2018\/07\/smokebeg10-ekaproto-300x169.jpg 300w, https:\/\/www.olohuone.fi\/wp-content\/uploads\/2018\/07\/smokebeg10-ekaproto-416x234.jpg 416w, https:\/\/www.olohuone.fi\/wp-content\/uploads\/2018\/07\/smokebeg10-ekaproto-768x431.jpg 768w, https:\/\/www.olohuone.fi\/wp-content\/uploads\/2018\/07\/smokebeg10-ekaproto-1024x575.jpg 1024w, https:\/\/www.olohuone.fi\/wp-content\/uploads\/2018\/07\/smokebeg10-ekaproto.jpg 1440w\" sizes=\"auto, (max-width: 300px) 100vw, 300px\" \/><\/a><figcaption> <\/figcaption><\/figure><\/div>\n\n\n\n<ul class=\"wp-block-list\"><li><strong>Optio:<\/strong> Kuumenna smoker noin 90 &#8211; 110 asteeseen ja pid\u00e4 l\u00e4mp\u00f6 samana tasaisesti koko prosessin ajan.<\/li><li>Hiero lihan pintaan mustapippuria ja suolaa.<\/li><li>Savusta lihaa 2-4 tuntia<\/li><li><strong>SAVUSTUS  EI OLE PAKOLLINEN.  SE ANTAA LIS\u00c4\u00c4 MAKUA, MUTTA GULASSI ON HERKULLISTA ILMAN SAVUSTUSTAKIN.<\/strong> <\/li><\/ul>\n\n\n\n<p>Viill\u00e4 lihaan ristikkokuvio veitsell\u00e4 ja esipaista lihan pintaa noin 10-15 minuuttia runsaalla oliivi\u00f6ljyll\u00e4 voidellussa pannussa tai padassa. Mausta lihan pinta suolalla ja pippurilla mik\u00e4li et viel\u00e4 vaiheessa yksi (savustus) pintamaustanut lihaa. Nosta sitten liha padasta\/pannulta ja siirr\u00e4 se odottamaan.<\/p>\n\n\n\n<p>Lis\u00e4\u00e4 pataan\/pannuun viipaloidut sipulit, chilit, paprikat, paprikajauhe, kuminansiemenet, 1 tl suolaa ja 1 tl pippuria ja esipaista niit\u00e4 noin 10 minuuttia. Laita sitten \u00e4sken paistamasi setti ja kaikki loput ainekset pataan eli grillatut paprikat, pilkotut tomaatit, meirami, (tai oregano tai korianteri). Nosta lihat pataan ja sekoita hieman ja kaada pataan vett\u00e4 niin, ett\u00e4 liha juuri ja juuri peittyy. Lis\u00e4\u00e4 viinietikka. Kiehauta koko keitos ja peit\u00e4 pata kannella ja siirr\u00e4 se sitten uuniin 3 tunniksi, 175\u00b0C tai kunnes se on mureaa ja pehme\u00e4\u00e4 ja hajoaa helposti haarukalla vedett\u00e4ess\u00e4.<\/p>\n\n\n\n<p>Kun liha on kyps\u00e4\u00e4 tai l\u00e4hes kyps\u00e4\u00e4, j\u00e4t\u00e4 pata kannen alle muhimaan miedolla l\u00e4mm\u00f6ll\u00e4 ja laita riisit kiehumaan. Sekoita sill\u00e4 aikaa smetana, raastettu sitruunankuori ja osa silputusta persiljasta sopivassa tarjoiluastiassa.<\/p>\n\n\n\n<p>Revi liha kahdella haarukalla tai lihakynsill\u00e4 padassa. Tarjoile pata riisin sek\u00e4 maustetun smetanan kanssa. Silppua viel\u00e4 persiljaa erilliseen astiaan, josta voi viel\u00e4 ripotella annoksen p\u00e4\u00e4lle persiljaa. <\/p>\n\n\n\n<figure class=\"wp-block-gallery columns-3 is-cropped wp-block-gallery-1 is-layout-flex wp-block-gallery-is-layout-flex\"><ul class=\"blocks-gallery-grid\"><li class=\"blocks-gallery-item\"><figure><img loading=\"lazy\" decoding=\"async\" width=\"576\" height=\"1024\" src=\"http:\/\/www.olohuone.fi\/wp-content\/uploads\/2019\/04\/Oaksmoke02001-576x1024.jpg\" alt=\"\" data-id=\"2240\" data-link=\"http:\/\/www.olohuone.fi\/?attachment_id=2240\" class=\"wp-image-2240\" srcset=\"https:\/\/www.olohuone.fi\/wp-content\/uploads\/2019\/04\/Oaksmoke02001-576x1024.jpg 576w, https:\/\/www.olohuone.fi\/wp-content\/uploads\/2019\/04\/Oaksmoke02001-416x739.jpg 416w, https:\/\/www.olohuone.fi\/wp-content\/uploads\/2019\/04\/Oaksmoke02001-169x300.jpg 169w, https:\/\/www.olohuone.fi\/wp-content\/uploads\/2019\/04\/Oaksmoke02001-768x1365.jpg 768w, https:\/\/www.olohuone.fi\/wp-content\/uploads\/2019\/04\/Oaksmoke02001.jpg 1024w\" sizes=\"auto, (max-width: 576px) 100vw, 576px\" \/><figcaption class=\"blocks-gallery-item__caption\">Poista nahka<\/figcaption><\/figure><\/li><li class=\"blocks-gallery-item\"><figure><img loading=\"lazy\" decoding=\"async\" width=\"1024\" height=\"576\" src=\"http:\/\/www.olohuone.fi\/wp-content\/uploads\/2019\/04\/Oaksmoke02002-1024x576.jpg\" alt=\"\" data-id=\"2239\" data-link=\"http:\/\/www.olohuone.fi\/?attachment_id=2239\" class=\"wp-image-2239\" srcset=\"https:\/\/www.olohuone.fi\/wp-content\/uploads\/2019\/04\/Oaksmoke02002.jpg 1024w, https:\/\/www.olohuone.fi\/wp-content\/uploads\/2019\/04\/Oaksmoke02002-416x234.jpg 416w, https:\/\/www.olohuone.fi\/wp-content\/uploads\/2019\/04\/Oaksmoke02002-300x169.jpg 300w, https:\/\/www.olohuone.fi\/wp-content\/uploads\/2019\/04\/Oaksmoke02002-768x432.jpg 768w\" sizes=\"auto, (max-width: 1024px) 100vw, 1024px\" \/><figcaption class=\"blocks-gallery-item__caption\">Savustuksen j\u00e4lkeen pintapaista hetken<\/figcaption><\/figure><\/li><li class=\"blocks-gallery-item\"><figure><img loading=\"lazy\" decoding=\"async\" width=\"1024\" height=\"576\" src=\"http:\/\/www.olohuone.fi\/wp-content\/uploads\/2019\/04\/Oaksmoke02003-1024x576.jpg\" alt=\"\" data-id=\"2238\" data-link=\"http:\/\/www.olohuone.fi\/?attachment_id=2238\" class=\"wp-image-2238\" srcset=\"https:\/\/www.olohuone.fi\/wp-content\/uploads\/2019\/04\/Oaksmoke02003.jpg 1024w, https:\/\/www.olohuone.fi\/wp-content\/uploads\/2019\/04\/Oaksmoke02003-416x234.jpg 416w, https:\/\/www.olohuone.fi\/wp-content\/uploads\/2019\/04\/Oaksmoke02003-300x169.jpg 300w, https:\/\/www.olohuone.fi\/wp-content\/uploads\/2019\/04\/Oaksmoke02003-768x432.jpg 768w\" sizes=\"auto, (max-width: 1024px) 100vw, 1024px\" \/><figcaption class=\"blocks-gallery-item__caption\">Laita kaikki ainekset pataan ja uuniin noin 3 tunniksi<\/figcaption><\/figure><\/li><li class=\"blocks-gallery-item\"><figure><img loading=\"lazy\" decoding=\"async\" width=\"576\" height=\"1024\" src=\"http:\/\/www.olohuone.fi\/wp-content\/uploads\/2019\/04\/Oaksmoke02050-576x1024.jpg\" alt=\"\" data-id=\"2257\" data-link=\"http:\/\/www.olohuone.fi\/?attachment_id=2257\" class=\"wp-image-2257\" srcset=\"https:\/\/www.olohuone.fi\/wp-content\/uploads\/2019\/04\/Oaksmoke02050-576x1024.jpg 576w, https:\/\/www.olohuone.fi\/wp-content\/uploads\/2019\/04\/Oaksmoke02050-416x739.jpg 416w, https:\/\/www.olohuone.fi\/wp-content\/uploads\/2019\/04\/Oaksmoke02050-169x300.jpg 169w, https:\/\/www.olohuone.fi\/wp-content\/uploads\/2019\/04\/Oaksmoke02050-768x1365.jpg 768w, https:\/\/www.olohuone.fi\/wp-content\/uploads\/2019\/04\/Oaksmoke02050.jpg 1024w\" sizes=\"auto, (max-width: 576px) 100vw, 576px\" \/><\/figure><\/li><li class=\"blocks-gallery-item\"><figure><img loading=\"lazy\" decoding=\"async\" width=\"1024\" height=\"576\" src=\"http:\/\/www.olohuone.fi\/wp-content\/uploads\/2019\/04\/Oaksmoke02051-1-1024x576.jpg\" alt=\"\" data-id=\"2258\" data-link=\"http:\/\/www.olohuone.fi\/?attachment_id=2258\" class=\"wp-image-2258\" srcset=\"https:\/\/www.olohuone.fi\/wp-content\/uploads\/2019\/04\/Oaksmoke02051-1.jpg 1024w, https:\/\/www.olohuone.fi\/wp-content\/uploads\/2019\/04\/Oaksmoke02051-1-416x234.jpg 416w, https:\/\/www.olohuone.fi\/wp-content\/uploads\/2019\/04\/Oaksmoke02051-1-300x169.jpg 300w, https:\/\/www.olohuone.fi\/wp-content\/uploads\/2019\/04\/Oaksmoke02051-1-768x432.jpg 768w\" sizes=\"auto, (max-width: 1024px) 100vw, 1024px\" \/><\/figure><\/li><\/ul><\/figure>\n\n\n\n<p>Katso my\u00f6s <a rel=\"noreferrer noopener\" aria-label=\" (avautuu uudessa v\u00e4lilehdess\u00e4)\" href=\"http:\/\/www.facebook.com\/Olohuonefi-2128086920559011\/\" target=\"_blank\">olohuone.fi<\/a> facebookista sek\u00e4 <a href=\"http:\/\/www.oaksmoke.fi\" target=\"_blank\" rel=\"noreferrer noopener\" aria-label=\" (avautuu uudessa v\u00e4lilehdess\u00e4)\">www.oaksmoke.fi<\/a><\/p>\n","protected":false},"excerpt":{"rendered":"<p>Raaka-aineet ja tarvikkeet: Porsaan lapa 2-4 kg Paprika 5-6 kpl Grillattu paprika 1 tlk. \/ n. 250 gr. Luumutomaatteja 400 gr. Punasipuli 2 kpl Tuore chili 2-6 kpl (perus punaista chili\u00e4 tai oman maun mukaan. Trepadeira W. + Red Savina kokeilemisen arvoinen) Tuore meirami, oregano tai korianteri Punaviinietikka 4 rkl. Savupaprikajauhe 2 rkl. Kuminajauhe 2 [&hellip;]<\/p>\n","protected":false},"author":1,"featured_media":2252,"parent":1818,"menu_order":0,"comment_status":"closed","ping_status":"closed","template":"","meta":{"footnotes":""},"class_list":["post-2232","page","type-page","status-publish","has-post-thumbnail","hentry"],"jetpack_sharing_enabled":true,"_links":{"self":[{"href":"https:\/\/www.olohuone.fi\/index.php?rest_route=\/wp\/v2\/pages\/2232","targetHints":{"allow":["GET"]}}],"collection":[{"href":"https:\/\/www.olohuone.fi\/index.php?rest_route=\/wp\/v2\/pages"}],"about":[{"href":"https:\/\/www.olohuone.fi\/index.php?rest_route=\/wp\/v2\/types\/page"}],"author":[{"embeddable":true,"href":"https:\/\/www.olohuone.fi\/index.php?rest_route=\/wp\/v2\/users\/1"}],"replies":[{"embeddable":true,"href":"https:\/\/www.olohuone.fi\/index.php?rest_route=%2Fwp%2Fv2%2Fcomments&post=2232"}],"version-history":[{"count":18,"href":"https:\/\/www.olohuone.fi\/index.php?rest_route=\/wp\/v2\/pages\/2232\/revisions"}],"predecessor-version":[{"id":2406,"href":"https:\/\/www.olohuone.fi\/index.php?rest_route=\/wp\/v2\/pages\/2232\/revisions\/2406"}],"up":[{"embeddable":true,"href":"https:\/\/www.olohuone.fi\/index.php?rest_route=\/wp\/v2\/pages\/1818"}],"wp:featuredmedia":[{"embeddable":true,"href":"https:\/\/www.olohuone.fi\/index.php?rest_route=\/wp\/v2\/media\/2252"}],"wp:attachment":[{"href":"https:\/\/www.olohuone.fi\/index.php?rest_route=%2Fwp%2Fv2%2Fmedia&parent=2232"}],"curies":[{"name":"wp","href":"https:\/\/api.w.org\/{rel}","templated":true}]}}