{"id":2119,"date":"2018-09-08T21:54:21","date_gmt":"2018-09-08T18:54:21","guid":{"rendered":"http:\/\/www.olohuone.fi\/?page_id=2119"},"modified":"2018-09-09T08:23:18","modified_gmt":"2018-09-09T05:23:18","slug":"kukkakaalimuusi","status":"publish","type":"page","link":"https:\/\/www.olohuone.fi\/?page_id=2119","title":{"rendered":"Kukkakaalimuusi (VHH)"},"content":{"rendered":"<p><strong>Raaka-aineet:<\/strong><\/p>\n<p>Yksi iso tai kaksi keskikokoista kukkakaalia (yht. 1,5 kg)<\/p>\n<p>100 g voita<\/p>\n<p>125 g Koskenlaskija-sulatejuustoa<\/p>\n<p>1 dl kuohukermaa (laita ensin 0,5 dl ja lis\u00e4\u00e4 tarvittaessa)<\/p>\n<p>1\/2 &#8211; 1 tl suolaa<\/p>\n<p>(Tuoretta persiljaa)<\/p>\n<hr \/>\n<p><strong>Valmistus:<\/strong><\/p>\n<ul>\n<li>Pilko kukkakaalin kukinnot.<\/li>\n<li>Keit\u00e4 niit\u00e4 noin 15-20 minuuttia vedess\u00e4.<\/li>\n<li>Kun kaali on pehmennyt, kaada vesi pois.<\/li>\n<li>Lis\u00e4\u00e4 kukkakaalien p\u00e4\u00e4lle voi, sulatejuusto, kuohukerma ja suola ja soseuta muusiksi.<\/li>\n<li>Annoksen p\u00e4\u00e4lle voit ripotella tuoretta persiljaa.<\/li>\n<\/ul>\n","protected":false},"excerpt":{"rendered":"<p>Raaka-aineet: Yksi iso tai kaksi keskikokoista kukkakaalia (yht. 1,5 kg) 100 g voita 125 g Koskenlaskija-sulatejuustoa 1 dl kuohukermaa (laita ensin 0,5 dl ja lis\u00e4\u00e4 tarvittaessa) 1\/2 &#8211; 1 tl suolaa (Tuoretta persiljaa) Valmistus: Pilko kukkakaalin kukinnot. Keit\u00e4 niit\u00e4 noin 15-20 minuuttia vedess\u00e4. Kun kaali on pehmennyt, kaada vesi pois. Lis\u00e4\u00e4 kukkakaalien p\u00e4\u00e4lle voi, sulatejuusto, [&hellip;]<\/p>\n","protected":false},"author":1,"featured_media":2105,"parent":1818,"menu_order":0,"comment_status":"open","ping_status":"open","template":"","meta":{"footnotes":""},"class_list":["post-2119","page","type-page","status-publish","has-post-thumbnail","hentry"],"jetpack_sharing_enabled":true,"_links":{"self":[{"href":"https:\/\/www.olohuone.fi\/index.php?rest_route=\/wp\/v2\/pages\/2119","targetHints":{"allow":["GET"]}}],"collection":[{"href":"https:\/\/www.olohuone.fi\/index.php?rest_route=\/wp\/v2\/pages"}],"about":[{"href":"https:\/\/www.olohuone.fi\/index.php?rest_route=\/wp\/v2\/types\/page"}],"author":[{"embeddable":true,"href":"https:\/\/www.olohuone.fi\/index.php?rest_route=\/wp\/v2\/users\/1"}],"replies":[{"embeddable":true,"href":"https:\/\/www.olohuone.fi\/index.php?rest_route=%2Fwp%2Fv2%2Fcomments&post=2119"}],"version-history":[{"count":10,"href":"https:\/\/www.olohuone.fi\/index.php?rest_route=\/wp\/v2\/pages\/2119\/revisions"}],"predecessor-version":[{"id":2133,"href":"https:\/\/www.olohuone.fi\/index.php?rest_route=\/wp\/v2\/pages\/2119\/revisions\/2133"}],"up":[{"embeddable":true,"href":"https:\/\/www.olohuone.fi\/index.php?rest_route=\/wp\/v2\/pages\/1818"}],"wp:featuredmedia":[{"embeddable":true,"href":"https:\/\/www.olohuone.fi\/index.php?rest_route=\/wp\/v2\/media\/2105"}],"wp:attachment":[{"href":"https:\/\/www.olohuone.fi\/index.php?rest_route=%2Fwp%2Fv2%2Fmedia&parent=2119"}],"curies":[{"name":"wp","href":"https:\/\/api.w.org\/{rel}","templated":true}]}}