{"id":2092,"date":"2018-09-08T12:39:56","date_gmt":"2018-09-08T09:39:56","guid":{"rendered":"http:\/\/www.olohuone.fi\/?page_id=2092"},"modified":"2018-09-08T15:35:52","modified_gmt":"2018-09-08T12:35:52","slug":"pekonilla-ja-aura-juustolla-taytetyt-jauhelihapihvit-vhh","status":"publish","type":"page","link":"https:\/\/www.olohuone.fi\/?page_id=2092","title":{"rendered":"Pekonilla ja Aura-juustolla t\u00e4ytetyt jauhelihapihvit (VHH)"},"content":{"rendered":"<p>Tarvikkeet:<\/p>\n<p>1 kg jauhelihaa, esim. yl\u00e4maankarjan jauhelihaa<\/p>\n<p>300 g pekonia<\/p>\n<p>150 g Aura-juustoa<\/p>\n<p>(Aji Cristal -tuorechili\u00e4 jos haluat hiukan tulisuutta)<\/p>\n<p>Suolaa<\/p>\n<p>Mustapippuria<\/p>\n<p>Voita paistamiseen<\/p>\n<hr \/>\n<ul>\n<li>Paista pekonit voissa<\/li>\n<li>Jaa jauheliha 8 yht\u00e4 suureen osaan<\/li>\n<li>Mausta jauhelihat kevyesti suolalla ja mustapippurilla<\/li>\n<li>Kaulitse tai painele jauhelihat py\u00f6reiksi kiekoiksi<\/li>\n<li>Laita joka toisen kiekon p\u00e4\u00e4lle paistetut pekonit sek\u00e4 aurajuustoa<\/li>\n<li>Laita loput jauhelihakiekot kansiksi ja sulje pihvit huolellisesti.<\/li>\n<li>Paista pihvej\u00e4 voissa molemmin puolin kunnes pinta on ruskistunut<\/li>\n<li>Laita kypsym\u00e4\u00e4n uuniin 15 min, 200 C. (Voit kypsent\u00e4\u00e4 pihvit paistinpannullakin miedolla l\u00e4mm\u00f6ll\u00e4)<\/li>\n<\/ul>\n<p><a href=\"http:\/\/www.olohuone.fi\/?attachment_id=2107\" rel=\"attachment wp-att-2107\"><img loading=\"lazy\" decoding=\"async\" class=\"alignleft size-medium wp-image-2107\" src=\"http:\/\/www.olohuone.fi\/wp-content\/uploads\/2018\/09\/IMG_20180908_140844-300x169.jpg\" alt=\"\" width=\"300\" height=\"169\" srcset=\"https:\/\/www.olohuone.fi\/wp-content\/uploads\/2018\/09\/IMG_20180908_140844-300x169.jpg 300w, https:\/\/www.olohuone.fi\/wp-content\/uploads\/2018\/09\/IMG_20180908_140844-416x234.jpg 416w, https:\/\/www.olohuone.fi\/wp-content\/uploads\/2018\/09\/IMG_20180908_140844-768x432.jpg 768w, https:\/\/www.olohuone.fi\/wp-content\/uploads\/2018\/09\/IMG_20180908_140844-1024x576.jpg 1024w\" sizes=\"auto, (max-width: 300px) 100vw, 300px\" \/><\/a> <a href=\"http:\/\/www.olohuone.fi\/?attachment_id=2108\" rel=\"attachment wp-att-2108\"><img loading=\"lazy\" decoding=\"async\" class=\"alignleft size-medium wp-image-2108\" src=\"http:\/\/www.olohuone.fi\/wp-content\/uploads\/2018\/09\/IMG_20180908_143519-300x169.jpg\" alt=\"\" width=\"300\" height=\"169\" srcset=\"https:\/\/www.olohuone.fi\/wp-content\/uploads\/2018\/09\/IMG_20180908_143519-300x169.jpg 300w, https:\/\/www.olohuone.fi\/wp-content\/uploads\/2018\/09\/IMG_20180908_143519-416x234.jpg 416w, https:\/\/www.olohuone.fi\/wp-content\/uploads\/2018\/09\/IMG_20180908_143519-768x432.jpg 768w, https:\/\/www.olohuone.fi\/wp-content\/uploads\/2018\/09\/IMG_20180908_143519-1024x576.jpg 1024w\" sizes=\"auto, (max-width: 300px) 100vw, 300px\" \/><\/a><\/p>\n","protected":false},"excerpt":{"rendered":"<p>Tarvikkeet: 1 kg jauhelihaa, esim. yl\u00e4maankarjan jauhelihaa 300 g pekonia 150 g Aura-juustoa (Aji Cristal -tuorechili\u00e4 jos haluat hiukan tulisuutta) Suolaa Mustapippuria Voita paistamiseen Paista pekonit voissa Jaa jauheliha 8 yht\u00e4 suureen osaan Mausta jauhelihat kevyesti suolalla ja mustapippurilla Kaulitse tai painele jauhelihat py\u00f6reiksi kiekoiksi Laita joka toisen kiekon p\u00e4\u00e4lle paistetut pekonit sek\u00e4 aurajuustoa Laita [&hellip;]<\/p>\n","protected":false},"author":1,"featured_media":2105,"parent":1818,"menu_order":4,"comment_status":"open","ping_status":"open","template":"","meta":{"footnotes":""},"class_list":["post-2092","page","type-page","status-publish","has-post-thumbnail","hentry"],"jetpack_sharing_enabled":true,"_links":{"self":[{"href":"https:\/\/www.olohuone.fi\/index.php?rest_route=\/wp\/v2\/pages\/2092","targetHints":{"allow":["GET"]}}],"collection":[{"href":"https:\/\/www.olohuone.fi\/index.php?rest_route=\/wp\/v2\/pages"}],"about":[{"href":"https:\/\/www.olohuone.fi\/index.php?rest_route=\/wp\/v2\/types\/page"}],"author":[{"embeddable":true,"href":"https:\/\/www.olohuone.fi\/index.php?rest_route=\/wp\/v2\/users\/1"}],"replies":[{"embeddable":true,"href":"https:\/\/www.olohuone.fi\/index.php?rest_route=%2Fwp%2Fv2%2Fcomments&post=2092"}],"version-history":[{"count":4,"href":"https:\/\/www.olohuone.fi\/index.php?rest_route=\/wp\/v2\/pages\/2092\/revisions"}],"predecessor-version":[{"id":2110,"href":"https:\/\/www.olohuone.fi\/index.php?rest_route=\/wp\/v2\/pages\/2092\/revisions\/2110"}],"up":[{"embeddable":true,"href":"https:\/\/www.olohuone.fi\/index.php?rest_route=\/wp\/v2\/pages\/1818"}],"wp:featuredmedia":[{"embeddable":true,"href":"https:\/\/www.olohuone.fi\/index.php?rest_route=\/wp\/v2\/media\/2105"}],"wp:attachment":[{"href":"https:\/\/www.olohuone.fi\/index.php?rest_route=%2Fwp%2Fv2%2Fmedia&parent=2092"}],"curies":[{"name":"wp","href":"https:\/\/api.w.org\/{rel}","templated":true}]}}