{"id":1983,"date":"2018-09-04T10:39:18","date_gmt":"2018-09-04T07:39:18","guid":{"rendered":"http:\/\/www.olohuone.fi\/?page_id=1983"},"modified":"2018-09-04T11:20:13","modified_gmt":"2018-09-04T08:20:13","slug":"raaka-aineet-suoraan-maatiloilta","status":"publish","type":"page","link":"https:\/\/www.olohuone.fi\/?page_id=1983","title":{"rendered":"Raaka-aineet suoraan maatiloilta"},"content":{"rendered":"<p>&nbsp;<\/p>\n<p><strong>Yl\u00e4maankarja<br \/>\n<\/strong>Norinojan Yl\u00e4maankarja\u00a0<a href=\"http:\/\/norinojanylamaankarja.omasivu.fi\/\" target=\"_blank\" rel=\"noopener\">Kotisivut<\/a> &#8211; <a href=\"https:\/\/www.facebook.com\/Norinojan-Yl%C3%A4maankarja-188983537804855\/\" target=\"_blank\" rel=\"noopener\">Facebook<\/a><\/p>\n<p>&nbsp;<\/p>\n<p><strong>Ankka<\/strong><br \/>\nWanhantuvan Ankkala\u00a0<a href=\"http:\/\/www.wanhantuvanankkala.fi\" target=\"_blank\" rel=\"noopener\">Kotisivut<\/a>\u00a0&#8211; <a href=\"https:\/\/www.facebook.com\/Wanhantuvan-Ankkala-562656137138135\/\" target=\"_blank\" rel=\"noopener\">Facebook<\/a><\/p>\n<p>&nbsp;<\/p>\n<p><strong>Kalkkuna<br \/>\n<\/strong>Hanhialan tila\u00a0\u00a0<a href=\"https:\/\/www.hanhialantila.fi\/\" target=\"_blank\" rel=\"noopener\">Kotisivut<\/a> &#8211; <a href=\"https:\/\/www.facebook.com\/Hanhialan-tila-169009522394\/\" target=\"_blank\" rel=\"noopener\">Facebook<\/a><\/p>\n<p>&nbsp;<\/p>\n<p><strong>Lammas<br \/>\n<\/strong>Nokan lammastila <a href=\"http:\/\/nokanlammastila.com\/\" target=\"_blank\" rel=\"noopener\">Kotisivut <\/a>&#8211; <a href=\"https:\/\/www.facebook.com\/nokanlammastila\/\" target=\"_blank\" rel=\"noopener\">Facebook<\/a><\/p>\n<p>Mikkolan lammastila <a href=\"http:\/\/www.mikkolantila.com\/\" target=\"_blank\" rel=\"noopener\">Kotisivut<\/a> &#8211; Facebook<\/p>\n<p>&nbsp;<\/p>\n<p><strong>Chilit<br \/>\n<\/strong>Hein\u00e4n Puutarha\u00a0<a href=\"http:\/\/www.chilit.info\/\" target=\"_blank\" rel=\"noopener\">Kotisivut <\/a>&#8211; <a href=\"https:\/\/www.facebook.com\/HeinanPuutarha\/\" target=\"_blank\" rel=\"noopener\">Facebook<\/a><\/p>\n<p>&nbsp;<\/p>\n<p><strong>Sika \/ Possu<br \/>\n<\/strong>Perkki\u00f6 tila\u00a0<a href=\"http:\/\/perkkiontila.com\/lihan-suoramyynti\/\" target=\"_blank\" rel=\"noopener\">Kotisivut<\/a> &#8211; <a href=\"https:\/\/www.facebook.com\/Perkki%C3%B6n-tila-155480834525982\/\" target=\"_blank\" rel=\"noopener\">Facebook<\/a><br \/>\nTimo Pullinen, Koski as.<\/p>\n<p>&nbsp;<\/p>\n<p><strong>Mangalitza<\/strong><br \/>\nVallilan tila\u00a0\u00a0<a href=\"http:\/\/vallilantila.fi\/Mangalitza.php\" target=\"_blank\" rel=\"noopener\">Kotisivu<\/a> &#8211; <a href=\"https:\/\/www.facebook.com\/Vallilantila\/\" target=\"_blank\" rel=\"noopener\">Facebook<\/a><br \/>\nPalviaisen tila\u00a0\u00a0<a href=\"https:\/\/www.palviaisentila.com\/\" target=\"_blank\" rel=\"noopener\">Kotisivut<\/a> &#8211; <a href=\"https:\/\/www.facebook.com\/Palviasentila\/\" target=\"_blank\" rel=\"noopener\">Facebook<\/a><\/p>\n<p>&nbsp;<\/p>\n<p><strong>Kana<br \/>\n<\/strong>Ellun kanat ja munat\u00a0\u00a0<a href=\"https:\/\/www.ellunkanatjamunat.fi\/\" target=\"_blank\" rel=\"noopener\">Kotisivu<\/a> &#8211; <a href=\"https:\/\/www.facebook.com\/ellunkanatjamunat\/\" target=\"_blank\" rel=\"noopener\">Facebook<\/a><\/p>\n<p>&nbsp;<\/p>\n<p><strong>Kananmunat<br \/>\n<\/strong>Ellun kanat ja munat\u00a0\u00a0<a href=\"https:\/\/www.ellunkanatjamunat.fi\/\" target=\"_blank\" rel=\"noopener\">Kotisivu<\/a> &#8211; <a href=\"https:\/\/www.facebook.com\/ellunkanatjamunat\/\" target=\"_blank\" rel=\"noopener\">Facebook<\/a><\/p>\n<p>&nbsp;<\/p>\n<p><strong>Kala<br \/>\n<\/strong>Kotisivut &#8211; Facebook<\/p>\n<p>&nbsp;<\/p>\n<p><strong>Riista<br \/>\n<\/strong>Timo Pullinen, Koski as.<\/p>\n<p>&nbsp;<\/p>\n<p><strong>Vihannekset<br \/>\n<\/strong>Kotisivut &#8211; Facebook<\/p>\n<p>&nbsp;<\/p>\n<p><strong>Marjat<br \/>\n<\/strong>Kotisivut &#8211; Facebook<\/p>\n<p>&nbsp;<\/p>\n<p><strong>Sienet<br \/>\n<\/strong>Kotisivut &#8211; Facebook<\/p>\n<p>&nbsp;<\/p>\n<p>J\u00e4t\u00e4 alareunan kommenttikentt\u00e4\u00e4n ehdotuksia lis\u00e4kategorioille.<\/p>\n","protected":false},"excerpt":{"rendered":"<p>&nbsp; Yl\u00e4maankarja Norinojan Yl\u00e4maankarja\u00a0Kotisivut &#8211; Facebook &nbsp; Ankka Wanhantuvan Ankkala\u00a0Kotisivut\u00a0&#8211; Facebook &nbsp; Kalkkuna Hanhialan tila\u00a0\u00a0Kotisivut &#8211; Facebook &nbsp; Lammas Nokan lammastila Kotisivut &#8211; Facebook Mikkolan lammastila Kotisivut &#8211; Facebook &nbsp; Chilit Hein\u00e4n Puutarha\u00a0Kotisivut &#8211; Facebook &nbsp; Sika \/ Possu Perkki\u00f6 tila\u00a0Kotisivut &#8211; Facebook Timo Pullinen, Koski as. &nbsp; Mangalitza Vallilan tila\u00a0\u00a0Kotisivu &#8211; Facebook Palviaisen tila\u00a0\u00a0Kotisivut [&hellip;]<\/p>\n","protected":false},"author":1,"featured_media":1984,"parent":0,"menu_order":6,"comment_status":"open","ping_status":"open","template":"","meta":{"footnotes":""},"class_list":["post-1983","page","type-page","status-publish","has-post-thumbnail","hentry"],"jetpack_sharing_enabled":true,"_links":{"self":[{"href":"https:\/\/www.olohuone.fi\/index.php?rest_route=\/wp\/v2\/pages\/1983","targetHints":{"allow":["GET"]}}],"collection":[{"href":"https:\/\/www.olohuone.fi\/index.php?rest_route=\/wp\/v2\/pages"}],"about":[{"href":"https:\/\/www.olohuone.fi\/index.php?rest_route=\/wp\/v2\/types\/page"}],"author":[{"embeddable":true,"href":"https:\/\/www.olohuone.fi\/index.php?rest_route=\/wp\/v2\/users\/1"}],"replies":[{"embeddable":true,"href":"https:\/\/www.olohuone.fi\/index.php?rest_route=%2Fwp%2Fv2%2Fcomments&post=1983"}],"version-history":[{"count":9,"href":"https:\/\/www.olohuone.fi\/index.php?rest_route=\/wp\/v2\/pages\/1983\/revisions"}],"predecessor-version":[{"id":1999,"href":"https:\/\/www.olohuone.fi\/index.php?rest_route=\/wp\/v2\/pages\/1983\/revisions\/1999"}],"wp:featuredmedia":[{"embeddable":true,"href":"https:\/\/www.olohuone.fi\/index.php?rest_route=\/wp\/v2\/media\/1984"}],"wp:attachment":[{"href":"https:\/\/www.olohuone.fi\/index.php?rest_route=%2Fwp%2Fv2%2Fmedia&parent=1983"}],"curies":[{"name":"wp","href":"https:\/\/api.w.org\/{rel}","templated":true}]}}