{"id":1952,"date":"2018-09-02T10:10:00","date_gmt":"2018-09-02T07:10:00","guid":{"rendered":"http:\/\/www.olohuone.fi\/?page_id=1952"},"modified":"2018-09-02T10:42:24","modified_gmt":"2018-09-02T07:42:24","slug":"kesakurpitsavuoka","status":"publish","type":"page","link":"https:\/\/www.olohuone.fi\/?page_id=1952","title":{"rendered":"Kes\u00e4kurpitsavuoka (VHH)"},"content":{"rendered":"<p><strong><em>Ainekset<\/em><\/strong><\/p>\n<p>2 kes\u00e4kurpitsaa<\/p>\n<p>muita kasviksia maun mukaan, esim. pari paprikaa (ja <strong>v\u00e4h\u00e4n<\/strong> tomaatteja\/kirsikkatomaatteja)<\/p>\n<p>n. 0,5 dl oliivi\u00f6ljy\u00e4<\/p>\n<p>ripaus suolaa<\/p>\n<p>2 &#8211; 3 tl pitsamaustetta<\/p>\n<p>1 valkosipulinkynsi murskattuna<\/p>\n<p>1 rkl sitruunamehua<\/p>\n<p>(juustoraastetta tai murennettua sinihomejuustoa maun mukaan)<\/p>\n<p>&nbsp;<\/p>\n<p><strong><em>Valmistus<\/em><\/strong><\/p>\n<ol>\n<li>Pese ja pilko kes\u00e4kurpitsat ja muut kasvikset.<\/li>\n<li>Kaada kasvikset uunivuokaan.<\/li>\n<li>Valmista marinadi seuraavasti. Kaada erilliseen astiaan oliivi\u00f6ljy. Sekoita oliivi\u00f6ljyyn suola, pitsamauste, valkosipuli ja sitruunamehu.<\/li>\n<li>Kaada marinadi vuokaan kasvisten p\u00e4\u00e4lle. Sekoita hyvin.<\/li>\n<li>Voit antaa kasvisten marinoitua j\u00e4\u00e4kaapissa haluamasi ajan tai vaihtoehtoisesti valmistaa ruoan heti uunissa.<\/li>\n<li>Sekoita halutessasi ruoan joukkoon juustoraastetta tai sinihomejuustoa ennen kypsennyst\u00e4.<\/li>\n<li>Kypsenn\u00e4 200 asteessa 30 &#8211; 40 minuuttia.<\/li>\n<\/ol>\n","protected":false},"excerpt":{"rendered":"<p>Ainekset 2 kes\u00e4kurpitsaa muita kasviksia maun mukaan, esim. pari paprikaa (ja v\u00e4h\u00e4n tomaatteja\/kirsikkatomaatteja) n. 0,5 dl oliivi\u00f6ljy\u00e4 ripaus suolaa 2 &#8211; 3 tl pitsamaustetta 1 valkosipulinkynsi murskattuna 1 rkl sitruunamehua (juustoraastetta tai murennettua sinihomejuustoa maun mukaan) &nbsp; Valmistus Pese ja pilko kes\u00e4kurpitsat ja muut kasvikset. Kaada kasvikset uunivuokaan. Valmista marinadi seuraavasti. Kaada erilliseen astiaan oliivi\u00f6ljy. [&hellip;]<\/p>\n","protected":false},"author":4,"featured_media":1960,"parent":1818,"menu_order":0,"comment_status":"open","ping_status":"open","template":"","meta":{"footnotes":""},"class_list":["post-1952","page","type-page","status-publish","has-post-thumbnail","hentry"],"jetpack_sharing_enabled":true,"_links":{"self":[{"href":"https:\/\/www.olohuone.fi\/index.php?rest_route=\/wp\/v2\/pages\/1952","targetHints":{"allow":["GET"]}}],"collection":[{"href":"https:\/\/www.olohuone.fi\/index.php?rest_route=\/wp\/v2\/pages"}],"about":[{"href":"https:\/\/www.olohuone.fi\/index.php?rest_route=\/wp\/v2\/types\/page"}],"author":[{"embeddable":true,"href":"https:\/\/www.olohuone.fi\/index.php?rest_route=\/wp\/v2\/users\/4"}],"replies":[{"embeddable":true,"href":"https:\/\/www.olohuone.fi\/index.php?rest_route=%2Fwp%2Fv2%2Fcomments&post=1952"}],"version-history":[{"count":5,"href":"https:\/\/www.olohuone.fi\/index.php?rest_route=\/wp\/v2\/pages\/1952\/revisions"}],"predecessor-version":[{"id":1963,"href":"https:\/\/www.olohuone.fi\/index.php?rest_route=\/wp\/v2\/pages\/1952\/revisions\/1963"}],"up":[{"embeddable":true,"href":"https:\/\/www.olohuone.fi\/index.php?rest_route=\/wp\/v2\/pages\/1818"}],"wp:featuredmedia":[{"embeddable":true,"href":"https:\/\/www.olohuone.fi\/index.php?rest_route=\/wp\/v2\/media\/1960"}],"wp:attachment":[{"href":"https:\/\/www.olohuone.fi\/index.php?rest_route=%2Fwp%2Fv2%2Fmedia&parent=1952"}],"curies":[{"name":"wp","href":"https:\/\/api.w.org\/{rel}","templated":true}]}}