{"id":1815,"date":"2018-08-26T16:55:30","date_gmt":"2018-08-26T13:55:30","guid":{"rendered":"http:\/\/www.olohuone.fi\/?page_id=1815"},"modified":"2020-03-04T17:18:59","modified_gmt":"2020-03-04T15:18:59","slug":"reseptit-vhh","status":"publish","type":"page","link":"https:\/\/www.olohuone.fi\/?page_id=1815","title":{"rendered":"Reseptit &#8211; VHH"},"content":{"rendered":"\n<p><a href=\"https:\/\/www.olohuone.fi\/?page_id=773\">RAAKA-AINELISTA VHH-KOKKAILUUN<\/a><\/p>\n\n\n<p><a href=\"https:\/\/www.olohuone.fi\/?page_id=2348\">Porkkanat jauhelihasta (VHH &amp; Ketogeeninen)<\/a><\/p>\n<p><a href=\"http:\/\/www.olohuone.fi\/?page_id=2232\">Unkarilainen gulassi (VHH*)<\/a><\/p>\n<p><a href=\"http:\/\/www.olohuone.fi\/?page_id=2139\">Etanat (VHH)<\/a><\/p>\n<p><a href=\"http:\/\/www.olohuone.fi\/?page_id=2119\">Kukkakaalimuusi (VHH)<\/a><\/p>\n<p><a href=\"http:\/\/www.olohuone.fi\/?page_id=2112\">Mutakakku (VHH)<\/a><\/p>\n<p><a href=\"http:\/\/www.olohuone.fi\/?page_id=2092\">Pekoni-Aura-juusto -jauhelihapihvit (VHH)<\/a><\/p>\n<p><a href=\"http:\/\/www.olohuone.fi\/?page_id=2038\">Kebabliha (VHH)<\/a><\/p>\n<p><a href=\"http:\/\/www.olohuone.fi\/?page_id=1890\">Suklaamousse (VHH)<\/a><\/p>\n<p><a href=\"http:\/\/www.olohuone.fi\/?page_id=2017\">Saiturinpihvi eli ABC-pihvi (VHH)<\/a><\/p>\n<p><a href=\"http:\/\/www.olohuone.fi\/?page_id=1952\">Kes\u00e4kurpitsavuoka (VHH)<\/a><\/p>\n<p><a href=\"http:\/\/www.olohuone.fi\/?page_id=165\">Pekoniin k\u00e4\u00e4rityt Aji Cristalit (VHH)<\/a><\/p>\n<p><a href=\"http:\/\/www.olohuone.fi\/?page_id=1809\">Ooo-keitto (VHH)<\/a><\/p>\n<p><a href=\"http:\/\/www.olohuone.fi\/?page_id=1785\">Hampurilainen (VHH)<\/a><\/p>\n<p><a href=\"http:\/\/www.olohuone.fi\/?page_id=1765\">Tuliset Wingsit porkkanalla ja sellerill\u00e4 (VHH)<\/a><\/p>\n<p><a href=\"http:\/\/www.olohuone.fi\/?page_id=855\">Smoked Pulled Pork (VHH)<\/a><\/p>\n<p><a href=\"http:\/\/www.olohuone.fi\/?page_id=1701\">Kukkakaaligratiini (VHH)<\/a><\/p>\n<p><a href=\"http:\/\/www.olohuone.fi\/?page_id=821\">Kes\u00e4kurpitsapaprikakeitto (VHH)<\/a><\/p>\n<header class=\"entry-header ast-no-thumbnail ast-no-meta\"><\/header>\n<div class=\"entry-content clear\">\u00a0<\/div>","protected":false},"excerpt":{"rendered":"<p>RAAKA-AINELISTA VHH-KOKKAILUUN Porkkanat jauhelihasta (VHH &amp; Ketogeeninen) Unkarilainen gulassi (VHH*) Etanat (VHH) Kukkakaalimuusi (VHH) Mutakakku (VHH) Pekoni-Aura-juusto -jauhelihapihvit (VHH) Kebabliha (VHH) Suklaamousse (VHH) Saiturinpihvi eli ABC-pihvi (VHH) Kes\u00e4kurpitsavuoka (VHH) Pekoniin k\u00e4\u00e4rityt Aji Cristalit (VHH) Ooo-keitto (VHH) Hampurilainen (VHH) Tuliset Wingsit porkkanalla ja sellerill\u00e4 (VHH) Smoked Pulled Pork (VHH) Kukkakaaligratiini (VHH) Kes\u00e4kurpitsapaprikakeitto (VHH) \u00a0<\/p>\n","protected":false},"author":1,"featured_media":1794,"parent":735,"menu_order":0,"comment_status":"open","ping_status":"open","template":"","meta":{"footnotes":""},"class_list":["post-1815","page","type-page","status-publish","has-post-thumbnail","hentry"],"jetpack_sharing_enabled":true,"_links":{"self":[{"href":"https:\/\/www.olohuone.fi\/index.php?rest_route=\/wp\/v2\/pages\/1815","targetHints":{"allow":["GET"]}}],"collection":[{"href":"https:\/\/www.olohuone.fi\/index.php?rest_route=\/wp\/v2\/pages"}],"about":[{"href":"https:\/\/www.olohuone.fi\/index.php?rest_route=\/wp\/v2\/types\/page"}],"author":[{"embeddable":true,"href":"https:\/\/www.olohuone.fi\/index.php?rest_route=\/wp\/v2\/users\/1"}],"replies":[{"embeddable":true,"href":"https:\/\/www.olohuone.fi\/index.php?rest_route=%2Fwp%2Fv2%2Fcomments&post=1815"}],"version-history":[{"count":16,"href":"https:\/\/www.olohuone.fi\/index.php?rest_route=\/wp\/v2\/pages\/1815\/revisions"}],"predecessor-version":[{"id":2359,"href":"https:\/\/www.olohuone.fi\/index.php?rest_route=\/wp\/v2\/pages\/1815\/revisions\/2359"}],"up":[{"embeddable":true,"href":"https:\/\/www.olohuone.fi\/index.php?rest_route=\/wp\/v2\/pages\/735"}],"wp:featuredmedia":[{"embeddable":true,"href":"https:\/\/www.olohuone.fi\/index.php?rest_route=\/wp\/v2\/media\/1794"}],"wp:attachment":[{"href":"https:\/\/www.olohuone.fi\/index.php?rest_route=%2Fwp%2Fv2%2Fmedia&parent=1815"}],"curies":[{"name":"wp","href":"https:\/\/api.w.org\/{rel}","templated":true}]}}