{"id":1721,"date":"2018-08-19T17:26:48","date_gmt":"2018-08-19T14:26:48","guid":{"rendered":"http:\/\/www.olohuone.fi\/?page_id=1721"},"modified":"2018-12-20T14:13:47","modified_gmt":"2018-12-20T12:13:47","slug":"lihansuolauslaskuri","status":"publish","type":"page","link":"https:\/\/www.olohuone.fi\/?page_id=1721","title":{"rendered":"Lihansuolauslaskuri"},"content":{"rendered":"<p>Suolalaskurin lihan ruiskusuolaukseen tarjoaa Cadvision.fi<\/p>\n<p>Joulukinkun pikasuolaukseen l\u00f6ytyy ohje <a href=\"http:\/\/www.olohuone.fi\/?page_id=2179\">t\u00e4\u00e4lt\u00e4<\/a>.<\/p>\n<div class=\"ead-preview\"><div class=\"ead-document\" style=\"position: relative;padding-top: 90%;\"><iframe src=\"\/\/view.officeapps.live.com\/op\/embed.aspx?src=http%3A%2F%2Fwww.olohuone.fi%2Fwp-content%2Fuploads%2F2018%2F08%2FSuolapitoisuus-prosentit.xlsx\" title=\"Embedded Document\" class=\"ead-iframe\" style=\"width: 100%;height: 100%;border: none;position: absolute;left: 0;top: 0;\"><\/iframe><\/div><\/div>\n","protected":false},"excerpt":{"rendered":"<p>Suolalaskurin lihan ruiskusuolaukseen tarjoaa Cadvision.fi Joulukinkun pikasuolaukseen l\u00f6ytyy ohje t\u00e4\u00e4lt\u00e4.<\/p>\n","protected":false},"author":1,"featured_media":2180,"parent":855,"menu_order":0,"comment_status":"open","ping_status":"open","template":"","meta":{"footnotes":""},"class_list":["post-1721","page","type-page","status-publish","has-post-thumbnail","hentry"],"jetpack_sharing_enabled":true,"_links":{"self":[{"href":"https:\/\/www.olohuone.fi\/index.php?rest_route=\/wp\/v2\/pages\/1721","targetHints":{"allow":["GET"]}}],"collection":[{"href":"https:\/\/www.olohuone.fi\/index.php?rest_route=\/wp\/v2\/pages"}],"about":[{"href":"https:\/\/www.olohuone.fi\/index.php?rest_route=\/wp\/v2\/types\/page"}],"author":[{"embeddable":true,"href":"https:\/\/www.olohuone.fi\/index.php?rest_route=\/wp\/v2\/users\/1"}],"replies":[{"embeddable":true,"href":"https:\/\/www.olohuone.fi\/index.php?rest_route=%2Fwp%2Fv2%2Fcomments&post=1721"}],"version-history":[{"count":6,"href":"https:\/\/www.olohuone.fi\/index.php?rest_route=\/wp\/v2\/pages\/1721\/revisions"}],"predecessor-version":[{"id":2190,"href":"https:\/\/www.olohuone.fi\/index.php?rest_route=\/wp\/v2\/pages\/1721\/revisions\/2190"}],"up":[{"embeddable":true,"href":"https:\/\/www.olohuone.fi\/index.php?rest_route=\/wp\/v2\/pages\/855"}],"wp:featuredmedia":[{"embeddable":true,"href":"https:\/\/www.olohuone.fi\/index.php?rest_route=\/wp\/v2\/media\/2180"}],"wp:attachment":[{"href":"https:\/\/www.olohuone.fi\/index.php?rest_route=%2Fwp%2Fv2%2Fmedia&parent=1721"}],"curies":[{"name":"wp","href":"https:\/\/api.w.org\/{rel}","templated":true}]}}