{"id":1701,"date":"2018-08-19T13:39:54","date_gmt":"2018-08-19T10:39:54","guid":{"rendered":"http:\/\/www.olohuone.fi\/?page_id=1701"},"modified":"2018-08-26T12:27:19","modified_gmt":"2018-08-26T09:27:19","slug":"kukkakaaligratiini","status":"publish","type":"page","link":"https:\/\/www.olohuone.fi\/?page_id=1701","title":{"rendered":"Kukkakaaligratiini (VHH)"},"content":{"rendered":"<p>Raaka-aineet ja tarvikkeet:<\/p>\n<p>1-2 kukkakaalia (yksi iso tai kaksi pient\u00e4)<\/p>\n<p>\u00bc tl\u00a0suolaa<\/p>\n<p>\u00bc tl valkopippuria<\/p>\n<p>2 dl kuohukermaa tai vispikermaa<\/p>\n<p>250 g (perinteinen) Koskenlaskija-sulatejuusto<\/p>\n<p>2 rkl persilja<\/p>\n<p>Oliivi\u00f6ljy\u00e4 tai voita vuoan voiteluun<\/p>\n<p>(1 kananmuna)<\/p>\n<p>(Juustoraastetta)<\/p>\n<p>Aikaa 1 tunti.<\/p>\n<p><a href=\"http:\/\/www.olohuone.fi\/?attachment_id=870\" rel=\"attachment wp-att-870\"><img loading=\"lazy\" decoding=\"async\" class=\"size-medium wp-image-870 alignnone\" src=\"http:\/\/www.olohuone.fi\/wp-content\/uploads\/2018\/08\/Oaksmoke00147-300x169.jpg\" alt=\"\" width=\"300\" height=\"169\" srcset=\"https:\/\/www.olohuone.fi\/wp-content\/uploads\/2018\/08\/Oaksmoke00147-300x169.jpg 300w, https:\/\/www.olohuone.fi\/wp-content\/uploads\/2018\/08\/Oaksmoke00147-416x234.jpg 416w, https:\/\/www.olohuone.fi\/wp-content\/uploads\/2018\/08\/Oaksmoke00147-768x432.jpg 768w, https:\/\/www.olohuone.fi\/wp-content\/uploads\/2018\/08\/Oaksmoke00147.jpg 1024w\" sizes=\"auto, (max-width: 300px) 100vw, 300px\" \/><\/a><\/p>\n<ul>\n<li>Puhdista ja paloittele kukkakaali.<\/li>\n<li>Keit\u00e4 se kevyesti suolalla maustetussa vedess\u00e4 puolikyps\u00e4ksi.<\/li>\n<li>Valuta kukkakaalit.<\/li>\n<li>Levit\u00e4 ne oliivi\u00f6ljyll\u00e4 tai voilla voideltuun uunivuokaan.<\/li>\n<li>Kuumenna kuohukerma kattilassa.<\/li>\n<li>Sulata kerman joukkoon paloiteltu Koskenlaskija-sulatejuusto.<\/li>\n<li>Lis\u00e4\u00e4 valkopippuri kerma-sultejuusto-kastikkeeseen.<\/li>\n<li>Sekoita joukkoon hienonnettu persilja (ja\u00a0rikottu muna).<\/li>\n<li>Kaada kastike kukkakaalien p\u00e4\u00e4lle.<\/li>\n<li>(Halutessasi voit ripotella juustoraastetta pinnalle.)<\/li>\n<li>Gratinoi uunin keskitasolla 200 asteessa n. 20 &#8211; 30 min.<\/li>\n<li>Tarjoa aterian esim. savustetun pulled porkin, pekonin, paistetun kalan tai kanan kanssa.<\/li>\n<\/ul>\n","protected":false},"excerpt":{"rendered":"<p>Raaka-aineet ja tarvikkeet: 1-2 kukkakaalia (yksi iso tai kaksi pient\u00e4) \u00bc tl\u00a0suolaa \u00bc tl valkopippuria 2 dl kuohukermaa tai vispikermaa 250 g (perinteinen) Koskenlaskija-sulatejuusto 2 rkl persilja Oliivi\u00f6ljy\u00e4 tai voita vuoan voiteluun (1 kananmuna) (Juustoraastetta) Aikaa 1 tunti. Puhdista ja paloittele kukkakaali. Keit\u00e4 se kevyesti suolalla maustetussa vedess\u00e4 puolikyps\u00e4ksi. Valuta kukkakaalit. Levit\u00e4 ne oliivi\u00f6ljyll\u00e4 tai [&hellip;]<\/p>\n","protected":false},"author":1,"featured_media":870,"parent":735,"menu_order":0,"comment_status":"open","ping_status":"open","template":"","meta":{"footnotes":""},"class_list":["post-1701","page","type-page","status-publish","has-post-thumbnail","hentry"],"jetpack_sharing_enabled":true,"_links":{"self":[{"href":"https:\/\/www.olohuone.fi\/index.php?rest_route=\/wp\/v2\/pages\/1701","targetHints":{"allow":["GET"]}}],"collection":[{"href":"https:\/\/www.olohuone.fi\/index.php?rest_route=\/wp\/v2\/pages"}],"about":[{"href":"https:\/\/www.olohuone.fi\/index.php?rest_route=\/wp\/v2\/types\/page"}],"author":[{"embeddable":true,"href":"https:\/\/www.olohuone.fi\/index.php?rest_route=\/wp\/v2\/users\/1"}],"replies":[{"embeddable":true,"href":"https:\/\/www.olohuone.fi\/index.php?rest_route=%2Fwp%2Fv2%2Fcomments&post=1701"}],"version-history":[{"count":5,"href":"https:\/\/www.olohuone.fi\/index.php?rest_route=\/wp\/v2\/pages\/1701\/revisions"}],"predecessor-version":[{"id":1784,"href":"https:\/\/www.olohuone.fi\/index.php?rest_route=\/wp\/v2\/pages\/1701\/revisions\/1784"}],"up":[{"embeddable":true,"href":"https:\/\/www.olohuone.fi\/index.php?rest_route=\/wp\/v2\/pages\/735"}],"wp:featuredmedia":[{"embeddable":true,"href":"https:\/\/www.olohuone.fi\/index.php?rest_route=\/wp\/v2\/media\/870"}],"wp:attachment":[{"href":"https:\/\/www.olohuone.fi\/index.php?rest_route=%2Fwp%2Fv2%2Fmedia&parent=1701"}],"curies":[{"name":"wp","href":"https:\/\/api.w.org\/{rel}","templated":true}]}}